{"id":543,"date":"2025-11-03T21:52:58","date_gmt":"2025-11-03T20:52:58","guid":{"rendered":"https:\/\/www.soroptimist.nl\/amersfoort\/?page_id=543"},"modified":"2025-11-03T21:52:59","modified_gmt":"2025-11-03T20:52:59","slug":"over-ons","status":"publish","type":"page","link":"https:\/\/www.soroptimist.nl\/amersfoort\/over-ons\/","title":{"rendered":"Over ons"},"content":{"rendered":"\n<p><\/p>\n\n\n\n<h2 class=\"wp-block-heading has-arial-font-family has-custom-font\" style=\"font-family:Arial;font-size:32px\">Soroptimistclub Amersfoort<\/h2>\n\n\n\n<p class=\"has-arial-font-family has-custom-font\" style=\"font-family:Arial;font-size:20px\">Het charter van&nbsp;<strong>Club Amersfoort<\/strong>&nbsp;is uitgereikt op&nbsp;<strong>17 april 1948<\/strong>&nbsp;door Madame Garot, kinderarts, uit Antwerpen. De leden wonen bijna allemaal in Amersfoort; een enkele in Leusden, Soest en Driebergen. De club telt momenteel 29 leden. Wij komen bij elkaar op de 2e woensdag van de maand.<\/p>\n\n\n\n<p class=\"has-arial-font-family has-custom-font\" style=\"font-family:Arial;font-size:32px\">Ons profiel<\/p>\n\n\n\n<p class=\"has-arial-font-family has-custom-font\" style=\"font-family:Arial;font-size:20px\"><em>Onze Friendshiplinks zijn S.I. Duisburg-M\u00fchlheim, Duitsland (nextdoor Club); S.I. Frederiksborg-Gentofte, Denemarken en S.I. Martinez, Californi\u00eb. Met Club Duisburg-M\u00fclheim zijn geregeld contacten en bezoeken over en weer. Via deze club ontstond ook een bijzondere band met de Club in Potsdam. Met Club Frederiksborg gebeurt dat incidenteel. De Club in Martinez werd lang geleden eens bezocht.<\/em><\/p>\n\n\n\n<figure class=\"wp-block-image size-large\"><img loading=\"lazy\" decoding=\"async\" width=\"1024\" height=\"704\" src=\"https:\/\/www.soroptimist.nl\/amersfoort\/wp-content\/uploads\/sites\/41\/2025\/05\/Groepsfoto-voor-website-1024x704.jpg\" alt=\"\" class=\"wp-image-464\" srcset=\"https:\/\/www.soroptimist.nl\/amersfoort\/wp-content\/uploads\/sites\/41\/2025\/05\/Groepsfoto-voor-website-1024x704.jpg 1024w, https:\/\/www.soroptimist.nl\/amersfoort\/wp-content\/uploads\/sites\/41\/2025\/05\/Groepsfoto-voor-website-300x206.jpg 300w, https:\/\/www.soroptimist.nl\/amersfoort\/wp-content\/uploads\/sites\/41\/2025\/05\/Groepsfoto-voor-website-768x528.jpg 768w, https:\/\/www.soroptimist.nl\/amersfoort\/wp-content\/uploads\/sites\/41\/2025\/05\/Groepsfoto-voor-website-1536x1056.jpg 1536w, https:\/\/www.soroptimist.nl\/amersfoort\/wp-content\/uploads\/sites\/41\/2025\/05\/Groepsfoto-voor-website-200x138.jpg 200w, https:\/\/www.soroptimist.nl\/amersfoort\/wp-content\/uploads\/sites\/41\/2025\/05\/Groepsfoto-voor-website-800x550.jpg 800w, https:\/\/www.soroptimist.nl\/amersfoort\/wp-content\/uploads\/sites\/41\/2025\/05\/Groepsfoto-voor-website-1920x1320.jpg 1920w, https:\/\/www.soroptimist.nl\/amersfoort\/wp-content\/uploads\/sites\/41\/2025\/05\/Groepsfoto-voor-website.jpg 2048w\" sizes=\"auto, (max-width: 1024px) 100vw, 1024px\" \/><\/figure>\n","protected":false},"excerpt":{"rendered":"<p>Soroptimistclub Amersfoort Het charter van&nbsp;Club Amersfoort&nbsp;is uitgereikt op&nbsp;17 april 1948&nbsp;door Madame Garot, kinderarts, uit Antwerpen. De leden wonen bijna allemaal&#8230; <a href=\"https:\/\/www.soroptimist.nl\/amersfoort\/over-ons\/\" rel=\"bookmark\">lees meer<\/a><\/p>\n","protected":false},"author":1402,"featured_media":0,"parent":0,"menu_order":0,"comment_status":"closed","ping_status":"closed","template":"","meta":{"_acf_changed":false,"inline_featured_image":false,"_coblocks_attr":"Arial,Arial","_coblocks_dimensions":"","_coblocks_responsive_height":"","_coblocks_accordion_ie_support":"","footnotes":""},"class_list":["post-543","page","type-page","status-publish","hentry"],"acf":[],"_links":{"self":[{"href":"https:\/\/www.soroptimist.nl\/amersfoort\/wp-json\/wp\/v2\/pages\/543","targetHints":{"allow":["GET"]}}],"collection":[{"href":"https:\/\/www.soroptimist.nl\/amersfoort\/wp-json\/wp\/v2\/pages"}],"about":[{"href":"https:\/\/www.soroptimist.nl\/amersfoort\/wp-json\/wp\/v2\/types\/page"}],"author":[{"embeddable":true,"href":"https:\/\/www.soroptimist.nl\/amersfoort\/wp-json\/wp\/v2\/users\/1402"}],"replies":[{"embeddable":true,"href":"https:\/\/www.soroptimist.nl\/amersfoort\/wp-json\/wp\/v2\/comments?post=543"}],"version-history":[{"count":1,"href":"https:\/\/www.soroptimist.nl\/amersfoort\/wp-json\/wp\/v2\/pages\/543\/revisions"}],"predecessor-version":[{"id":545,"href":"https:\/\/www.soroptimist.nl\/amersfoort\/wp-json\/wp\/v2\/pages\/543\/revisions\/545"}],"wp:attachment":[{"href":"https:\/\/www.soroptimist.nl\/amersfoort\/wp-json\/wp\/v2\/media?parent=543"}],"curies":[{"name":"wp","href":"https:\/\/api.w.org\/{rel}","templated":true}]}}