{"id":5,"date":"2020-11-03T19:30:28","date_gmt":"2020-11-03T19:30:28","guid":{"rendered":"https:\/\/www.soroptimist.nl\/bussum\/?page_id=5"},"modified":"2026-01-31T09:47:19","modified_gmt":"2026-01-31T08:47:19","slug":"home","status":"publish","type":"page","link":"https:\/\/www.soroptimist.nl\/bussum\/","title":{"rendered":"Home"},"content":{"rendered":"<header id=\"page-header-block_0ab161243ffa5d1ff56f883823d1a5a6\" class=\"wp-block-page-header alignfull bg-yellow alignfull\">\n\t<div class=\"content container\">\n\t\t\t\t<div class=\"holder\">\n\t\t\t<div class=\"col-12 col-md-8\">\n\n\t\t\t\t<h2><h1>Van harte welkom op de pagina van de Soroptimistclub Bussum e.o.!<\/h1><\/h2>\n\t\t\t\t<a class=\"page-header-button btn yellow-btn icon-btn p-mt-2\" href=\"#profiel\" target=\"_self\">Ons profiel<\/a><a class=\"page-header-button btn blue-btn icon-btn p-mt-2\" href=\"https:\/\/www.soroptimist.nl\/bussum\/projecten\/\" target=\"_self\">Onze projecten<\/a><a class=\"page-header-button btn black-btn icon-btn p-mt-2\" href=\"https:\/\/www.soroptimist.nl\/bussum\/nieuws\/\" target=\"_self\">Ons nieuws<\/a><a class=\"page-header-button btn white-btn icon-btn p-mt-2\" href=\"https:\/\/www.soroptimist.nl\/bussum\/webwinkel\/\" target=\"_blank\">Webshop club Bussum e.o.<\/a>\t\t\t<\/div>\n\t\t<\/div>\n\t<\/div>\n<\/header>\n\n\n\n\n<section id=\"text-with-image-block_d4ec10d0aebc793675a9185dbba241cb\" class=\"wp-block-text-with-image  alignfull\">\n\t<div class=\"container\">\n\t\t<div class=\"row position-relative default-order\">\n\t\t\t<div class=\"col-12 col-md-6 text-column\">\n\t\t\t\t<div class=\"text  \">\n\t\t\t\t\t<h2 class=\"text-with-image-title title-color-primary\"><\/h2><div class=\"text-with-image-content\"><h2>Welkom op de site van club Bussum en omstreken.<\/h2>\n<p>De Filmavond, het Golftoernooi, Cultuur binnen de Wallen en de olijfolie verkoop: zomaar vier van de jaarlijks en twee-jaarlijks terugkerende fondsenwervende activiteiten van club Bussum. Activiteiten, die dankzij het terugkerende karakter bijdragen aan de bekendheid en het imago van de club. Onze fondsenwervende activiteiten staan \u00e9\u00e9n of twee jaar in het teken van \u00e9\u00e9n gekozen project.<\/p>\n<div class=\"buttons\"><a class=\"text-with-image-button btn yellow-btn icon-btn p-mt-2\" href=\"mailto:bussum@soroptimist.nl\" target=\"_blank\">Vragen? Mail ons<\/a><a class=\"text-with-image-button btn blue-btn icon-btn p-mt-2\" href=\"https:\/\/www.facebook.com\/SoroptimistBussum\" target=\"_blank\">Facebook<\/a><\/div><\/div>\t\t\t\t<\/div>\n\t\t\t<\/div>\n\t\t\t\t\t\t<div class=\"d-none d-md-block col-12 col-md-6 image-column shadow-primary wow fadeIn\" data-wow-duration=\"1.0s\" data-wow-delay=\"0s\" data-wow-offset=\"150\"  style=\"background-image: url(https:\/\/www.soroptimist.nl\/bussum\/wp-content\/uploads\/sites\/44\/2023\/01\/Groepsfoto-Bel-Ami-II-1-scaled.jpg); background-repeat: no-repeat; background-size: cover; background-color: #fff;\" >\n\t\t\t\t\t\t\t<\/div>\n\t\t<\/div>\n\t<\/div>\n<\/section>\n\n\n\n<div class=\"wp-block-cover alignfull is-light\"><span aria-hidden=\"true\" class=\"wp-block-cover__background has-background-dim-100 has-background-dim\" style=\"background-color:#ffc306\"><\/span><div class=\"wp-block-cover__inner-container is-layout-flow wp-block-cover-is-layout-flow\"><div class=\"wp-bootstrap-blocks-container container mb-2\">\n\t\n\n<a name=\"profiel\"><\/a>\n\n\n\n<div style=\"height:60px\" aria-hidden=\"true\" class=\"wp-block-spacer\"><\/div>\n\n\n\n<div class=\"wp-block-columns is-layout-flex wp-container-core-columns-is-layout-9d6595d7 wp-block-columns-is-layout-flex\">\n<div class=\"wp-block-column is-layout-flow wp-block-column-is-layout-flow\">\n<h2 class=\"wp-block-heading has-white-color has-text-color\">Onze actieve en eigentijdse club is ontstaan in 1949. De club bestaat uit 43 leden met een gevarieerde achtergrond.<\/h2>\n\n\n\n<div style=\"height:50px\" aria-hidden=\"true\" class=\"wp-block-spacer\"><\/div>\n\n\n<div class=\"prode-cta\"><a href=\"https:\/\/www.soroptimist.nl\/lid-worden\/\">Lid worden?<\/a><\/div>\n<\/div>\n\n\n\n<div class=\"wp-block-column is-layout-flow wp-block-column-is-layout-flow\" style=\"flex-basis:5%\"><\/div>\n\n\n\n<div class=\"wp-block-column is-layout-flow wp-block-column-is-layout-flow\">\n<p class=\"has-black-color has-text-color\"><strong>Ons profiel<\/strong><\/p>\n\n\n\n<p class=\"has-black-color has-text-color\">Club Bussum e.o. is een actieve en eigentijdse club, bestaande uit 43 leden met een gevarieerde achtergrond, allemaal wonend in Bussum, Naarden, Huizen, Blaricum of Laren. We zijn ontstaan in 1949, toen de club Gooi en Eemland zich splitste in de clubs Hilversum e.o. en Bussum e.o. <\/p>\n\n\n\n<p class=\"has-black-color has-text-color\">Bijeenkomsten: iedere tweede woensdag van de maand, in Bel Ami in Bussum. Voorafgaand aan de clubavond eten we gezamenlijk in Bel Ami, waarbij gemiddeld zo\u2019n 12 clubleden aanschuiven.<\/p>\n<\/div>\n<\/div>\n\n<\/div>\n\n\n\n<p class=\"has-text-align-center has-large-font-size\"><\/p>\n<\/div><\/div>\n\n\n\n<p><\/p>\n","protected":false},"excerpt":{"rendered":"","protected":false},"author":2,"featured_media":0,"parent":0,"menu_order":0,"comment_status":"closed","ping_status":"closed","template":"","meta":{"_acf_changed":false,"inline_featured_image":false,"_coblocks_attr":"","_coblocks_dimensions":"","_coblocks_responsive_height":"","_coblocks_accordion_ie_support":"","footnotes":""},"class_list":["post-5","page","type-page","status-publish","hentry"],"acf":[],"_links":{"self":[{"href":"https:\/\/www.soroptimist.nl\/bussum\/wp-json\/wp\/v2\/pages\/5","targetHints":{"allow":["GET"]}}],"collection":[{"href":"https:\/\/www.soroptimist.nl\/bussum\/wp-json\/wp\/v2\/pages"}],"about":[{"href":"https:\/\/www.soroptimist.nl\/bussum\/wp-json\/wp\/v2\/types\/page"}],"author":[{"embeddable":true,"href":"https:\/\/www.soroptimist.nl\/bussum\/wp-json\/wp\/v2\/users\/2"}],"replies":[{"embeddable":true,"href":"https:\/\/www.soroptimist.nl\/bussum\/wp-json\/wp\/v2\/comments?post=5"}],"version-history":[{"count":24,"href":"https:\/\/www.soroptimist.nl\/bussum\/wp-json\/wp\/v2\/pages\/5\/revisions"}],"predecessor-version":[{"id":1481,"href":"https:\/\/www.soroptimist.nl\/bussum\/wp-json\/wp\/v2\/pages\/5\/revisions\/1481"}],"wp:attachment":[{"href":"https:\/\/www.soroptimist.nl\/bussum\/wp-json\/wp\/v2\/media?parent=5"}],"curies":[{"name":"wp","href":"https:\/\/api.w.org\/{rel}","templated":true}]}}