{"id":5,"date":"2020-11-03T19:30:28","date_gmt":"2020-11-03T19:30:28","guid":{"rendered":"https:\/\/www.soroptimist.nl\/de-blit-bilthoven\/?page_id=5"},"modified":"2026-01-13T22:11:19","modified_gmt":"2026-01-13T21:11:19","slug":"home","status":"publish","type":"page","link":"https:\/\/www.soroptimist.nl\/de-bilt-bilthoven\/","title":{"rendered":"Home"},"content":{"rendered":"<header id=\"page-header-block_96486fc1421557094a356ba32c3f9c73\" class=\"wp-block-page-header alignfull bg-yellow alignfull\">\n\t<div class=\"content container\">\n\t\t\t\t<div class=\"holder\">\n\t\t\t<div class=\"col-12 col-md-8\">\n\n\t\t\t\t<h2><h1>Soroptimist International De Bilt-Bilthoven<\/h1><\/h2>\n\t\t\t\t<a class=\"page-header-button btn yellow-btn icon-btn p-mt-2\" href=\"#profiel\" target=\"_self\">Ons profiel<\/a><a class=\"page-header-button btn blue-btn icon-btn p-mt-2\" href=\"https:\/\/www.soroptimist.nl\/de-bilt-bilthoven\/projecten\/\" target=\"_self\">Onze projecten<\/a><a class=\"page-header-button btn black-btn icon-btn p-mt-2\" href=\"https:\/\/www.soroptimist.nl\/de-bilt-bilthoven\/alle-acties\/\" target=\"_self\">Onze acties<\/a><a class=\"page-header-button btn white-btn icon-btn p-mt-2\" href=\"https:\/\/www.soroptimist.nl\/de-bilt-bilthoven\/nieuws\/\" target=\"_self\">Ons nieuws<\/a>\t\t\t<\/div>\n\t\t<\/div>\n\t<\/div>\n<\/header>\n\n\n\n\n<section id=\"text-with-image-block_b7f232c4a3b23ceea8d3999e8bdf6a58\" class=\"wp-block-text-with-image  alignfull\">\n\t<div class=\"container\">\n\t\t<div class=\"row position-relative default-order\">\n\t\t\t<div class=\"col-12 col-md-6 text-column\">\n\t\t\t\t<div class=\"text padding-top-small padding-bottom-large\">\n\t\t\t\t\t<h2 class=\"text-with-image-title title-color-primary\"><\/h2><div class=\"text-with-image-content\"><p>Onze Soroptimistclub telt bijna 40 leden van verschillende beroepsgroepen. Wij komen maandelijks bij elkaar, organiseren fondsenwervende acties en ondersteunen projecten.<\/p>\n<p>Onze club is onderdeel van de wereldwijde organisatie Soroptimist International met rond de 70.000 leden in meer dan 100 landen.<\/p>\n<p>Wij zetten ons in om de rechten, de positie en het leven van meisjes en vrouwen te verbeteren. Klik op de buttons om meer te lezen over onze acties, onze activiteiten en over de projecten die we ondersteunen.<\/p>\n<p>Op de foto zie je een deel van onze clubleden bij de zomerbijeenkomst in augustus 2024.<\/p>\n<div class=\"buttons\"><a class=\"text-with-image-button btn yellow-btn icon-btn p-mt-2\" href=\"mailto:debiltbilthoven@soroptimist.nl\" target=\"_self\">Vragen? Mail ons<\/a><\/div><\/div>\t\t\t\t<\/div>\n\t\t\t<\/div>\n\t\t\t\t\t\t<div class=\"d-none d-md-block col-12 col-md-6 image-column shadow-primary wow fadeIn\" data-wow-duration=\"1.0s\" data-wow-delay=\"0s\" data-wow-offset=\"150\"  style=\"background-image: url(https:\/\/www.soroptimist.nl\/de-bilt-bilthoven\/wp-content\/uploads\/sites\/43\/2024\/09\/Zomerbijeenkomst_website.jpg); background-repeat: no-repeat; background-size: cover; background-color: #fff;\" >\n\t\t\t\t\t\t\t<\/div>\n\t\t<\/div>\n\t<\/div>\n<\/section>\n\n\n\n<div class=\"wp-block-cover alignfull is-light\"><span aria-hidden=\"true\" class=\"wp-block-cover__background has-background-dim-100 has-background-dim\" style=\"background-color:#ffc306\"><\/span><div class=\"wp-block-cover__inner-container is-layout-flow wp-block-cover-is-layout-flow\"><div class=\"wp-bootstrap-blocks-container container mb-2\">\n\t\n\n<a name=\"profiel\"><\/a>\n\n\n\n<div style=\"height:60px\" aria-hidden=\"true\" class=\"wp-block-spacer\"><\/div>\n\n\n\n<div class=\"wp-block-columns is-layout-flex wp-container-core-columns-is-layout-9d6595d7 wp-block-columns-is-layout-flex\">\n<div class=\"wp-block-column is-layout-flow wp-block-column-is-layout-flow\">\n<h2 class=\"has-white-color has-text-color\">Wij organiseren maatschappelijke activiteiten en fondsenwervende evenementen<\/h2>\n\n\n\n<p><\/p>\n\n\n\n<p><\/p>\n\n\n\n<p><\/p>\n\n\n<div class=\"prode-cta\"><a href=\"https:\/\/www.soroptimist.nl\/lid-worden\/\">Lid worden?<\/a><\/div>\n\n\n\n<figure class=\"wp-block-image size-full\"><img loading=\"lazy\" decoding=\"async\" width=\"2560\" height=\"1920\" src=\"https:\/\/www.soroptimist.nl\/de-bilt-bilthoven\/wp-content\/uploads\/sites\/43\/2025\/04\/Inauguratie-Wendy-en-Annemarie-3-feb-2025-scaled.jpg\" alt=\"\" class=\"wp-image-1238\" srcset=\"https:\/\/www.soroptimist.nl\/de-bilt-bilthoven\/wp-content\/uploads\/sites\/43\/2025\/04\/Inauguratie-Wendy-en-Annemarie-3-feb-2025-scaled.jpg 2560w, https:\/\/www.soroptimist.nl\/de-bilt-bilthoven\/wp-content\/uploads\/sites\/43\/2025\/04\/Inauguratie-Wendy-en-Annemarie-3-feb-2025-300x225.jpg 300w, https:\/\/www.soroptimist.nl\/de-bilt-bilthoven\/wp-content\/uploads\/sites\/43\/2025\/04\/Inauguratie-Wendy-en-Annemarie-3-feb-2025-1024x768.jpg 1024w, https:\/\/www.soroptimist.nl\/de-bilt-bilthoven\/wp-content\/uploads\/sites\/43\/2025\/04\/Inauguratie-Wendy-en-Annemarie-3-feb-2025-768x576.jpg 768w, https:\/\/www.soroptimist.nl\/de-bilt-bilthoven\/wp-content\/uploads\/sites\/43\/2025\/04\/Inauguratie-Wendy-en-Annemarie-3-feb-2025-1536x1152.jpg 1536w, https:\/\/www.soroptimist.nl\/de-bilt-bilthoven\/wp-content\/uploads\/sites\/43\/2025\/04\/Inauguratie-Wendy-en-Annemarie-3-feb-2025-2048x1536.jpg 2048w, https:\/\/www.soroptimist.nl\/de-bilt-bilthoven\/wp-content\/uploads\/sites\/43\/2025\/04\/Inauguratie-Wendy-en-Annemarie-3-feb-2025-200x150.jpg 200w, https:\/\/www.soroptimist.nl\/de-bilt-bilthoven\/wp-content\/uploads\/sites\/43\/2025\/04\/Inauguratie-Wendy-en-Annemarie-3-feb-2025-800x600.jpg 800w, https:\/\/www.soroptimist.nl\/de-bilt-bilthoven\/wp-content\/uploads\/sites\/43\/2025\/04\/Inauguratie-Wendy-en-Annemarie-3-feb-2025-1920x1440.jpg 1920w, https:\/\/www.soroptimist.nl\/de-bilt-bilthoven\/wp-content\/uploads\/sites\/43\/2025\/04\/Inauguratie-Wendy-en-Annemarie-3-feb-2025-600x450.jpg 600w\" sizes=\"auto, (max-width: 2560px) 100vw, 2560px\" \/><\/figure>\n<\/div>\n\n\n\n<div class=\"wp-block-column is-layout-flow wp-block-column-is-layout-flow\" style=\"flex-basis:5%\"><\/div>\n\n\n\n<div class=\"wp-block-column is-layout-flow wp-block-column-is-layout-flow\">\n<p class=\"has-black-color has-text-color\"><strong>Ons profiel<\/strong><\/p>\n\n\n\n<p class=\"has-black-color has-text-color\">Club De Bilt-Bilthoven werd opgericht op 26 april 1980. Onze club heeft een gespreide leeftijdsopbouw: van 30-ers tot 80-ers. De leden zijn werkzaam (geweest) in de gezondheidszorg, onderwijs\/wetenschap, als zelfstandig ondernemers, in de muziekwereld, in de topsport, bij de overheid en meer.<\/p>\n\n\n\n<p>Wij eten eens per maand samen en hebben dan een avondprogramma, verzorgd door \u00e9\u00e9n van onze leden of een gastspreker. Eens per jaar hebben we een bedrijfsbezoek.<\/p>\n\n\n\n<p>Wij zijn een actieve club met veel energie en steeds weer nieuwe idee\u00ebn om&nbsp;onze missie voor het voetlicht te brengen en uit te voeren.&nbsp;Graag nemen we nieuwe&nbsp;powervrouwen in ons midden op! Ben je jonger dan 55 jaar en heb je interesse? <a href=\"https:\/\/www.soroptimist.nl\/lid-worden\/#aanmelden\">Meld je aan<\/a>. Wij nemen dan contact met je op.<\/p>\n<\/div>\n<\/div>\n\n<\/div>\n\n\n\n<p class=\"has-text-align-center has-large-font-size\"><\/p>\n<\/div><\/div>\n\n\n\n<div style=\"height:50px\" aria-hidden=\"true\" class=\"wp-block-spacer\"><\/div>\n\n\n<section id=\"posts-archive-block_38e2921dd67c16a350df803a3c1a1195\" class=\"wp-block-posts-archive\">\r\n\t<div class=\"container\">\r\n\t\t<div class=\"row\">\r\n\t\t\t<div class=\"col-12\"><h2 class=\"posts-archive-title title-color-primary\">Laatste nieuws<\/h2><\/div>\t\t\t\t<div class=\"col-12 col-sm-6 col-md-3\">\r\n\t\t\t\t\t<a class=\"item-wrapper\" href=\"https:\/\/www.soroptimist.nl\/de-bilt-bilthoven\/news-local\/preek-van-de-leek\/\">\r\n\t\t\t\t\t\t<div class=\"image-wrapper\">\r\n\t\t\t\t\t\t\t\t\t\t\t\t\t<img decoding=\"async\" src=\"https:\/\/www.soroptimist.nl\/de-bilt-bilthoven\/wp-content\/uploads\/sites\/43\/2020\/11\/placeholder.jpg\" alt=\"\" \/>\r\n\t\t\t\t\t\t\t\t\t\t\t\t<div class=\"title\">\r\n\t\t\t\t\t\t\t\t<span>Preek van de leek<\/span>\r\n\t\t\t\t\t\t\t\t<ul class=\"post-taxonomies product-single\"><\/ul>\t\t\t\t\t\t\t<\/div>\r\n\t\t\t\t\t\t<\/div>\r\n\t\t\t\t\t\t<div class=\"item-read-more read-more\">\r\n\t\t\t\t\t\t\tBekijken\r\n\t\t\t\t\t\t\t<div class=\"arrow\">\r\n\t\t\t\t\t\t\t\t<i class=\"fas fa-chevron-right\"><\/i>\r\n\t\t\t\t\t\t\t<\/div>\r\n\t\t\t\t\t\t<\/div>\r\n\t\t\t\t\t<\/a>\r\n\r\n\t\t\t\t\t\t\t\t\t<\/div>\r\n\t\t\t\t\t\t\t\t<div class=\"col-12 col-sm-6 col-md-3\">\r\n\t\t\t\t\t<a class=\"item-wrapper\" href=\"https:\/\/www.soroptimist.nl\/de-bilt-bilthoven\/news-local\/bestuursoverdracht-2026\/\">\r\n\t\t\t\t\t\t<div class=\"image-wrapper\">\r\n\t\t\t\t\t\t\t\t\t\t\t\t\t<img decoding=\"async\" src=\"https:\/\/www.soroptimist.nl\/de-bilt-bilthoven\/wp-content\/uploads\/sites\/43\/2026\/01\/IMG_2B38BF53E84B-1.jpeg\" alt=\"\" \/>\r\n\t\t\t\t\t\t\t\t\t\t\t\t<div class=\"title\">\r\n\t\t\t\t\t\t\t\t<span>Bestuursoverdracht 2026<\/span>\r\n\t\t\t\t\t\t\t\t<ul class=\"post-taxonomies product-single\"><\/ul>\t\t\t\t\t\t\t<\/div>\r\n\t\t\t\t\t\t<\/div>\r\n\t\t\t\t\t\t<div class=\"item-read-more read-more\">\r\n\t\t\t\t\t\t\tBekijken\r\n\t\t\t\t\t\t\t<div class=\"arrow\">\r\n\t\t\t\t\t\t\t\t<i class=\"fas fa-chevron-right\"><\/i>\r\n\t\t\t\t\t\t\t<\/div>\r\n\t\t\t\t\t\t<\/div>\r\n\t\t\t\t\t<\/a>\r\n\r\n\t\t\t\t\t\t\t\t\t<\/div>\r\n\t\t\t\t\t\t\t\t<div class=\"col-12 col-sm-6 col-md-3\">\r\n\t\t\t\t\t<a class=\"item-wrapper\" href=\"https:\/\/www.soroptimist.nl\/de-bilt-bilthoven\/news-local\/orange-the-world-driehoeksborden-in-de-bilt\/\">\r\n\t\t\t\t\t\t<div class=\"image-wrapper\">\r\n\t\t\t\t\t\t\t\t\t\t\t\t\t<img decoding=\"async\" src=\"https:\/\/www.soroptimist.nl\/de-bilt-bilthoven\/wp-content\/uploads\/sites\/43\/2026\/01\/Orange-the-World-vlag_2-scaled.jpg\" alt=\"\" \/>\r\n\t\t\t\t\t\t\t\t\t\t\t\t<div class=\"title\">\r\n\t\t\t\t\t\t\t\t<span>Orange the World: driehoeksborden in De Bilt<\/span>\r\n\t\t\t\t\t\t\t\t<ul class=\"post-taxonomies product-single\"><\/ul>\t\t\t\t\t\t\t<\/div>\r\n\t\t\t\t\t\t<\/div>\r\n\t\t\t\t\t\t<div class=\"item-read-more read-more\">\r\n\t\t\t\t\t\t\tBekijken\r\n\t\t\t\t\t\t\t<div class=\"arrow\">\r\n\t\t\t\t\t\t\t\t<i class=\"fas fa-chevron-right\"><\/i>\r\n\t\t\t\t\t\t\t<\/div>\r\n\t\t\t\t\t\t<\/div>\r\n\t\t\t\t\t<\/a>\r\n\r\n\t\t\t\t\t\t\t\t\t<\/div>\r\n\t\t\t\t\t\t\t\t<div class=\"col-12 col-sm-6 col-md-3\">\r\n\t\t\t\t\t<a class=\"item-wrapper\" href=\"https:\/\/www.soroptimist.nl\/de-bilt-bilthoven\/news-local\/uiteenlopende-acties-voor-het-goede-doel\/\">\r\n\t\t\t\t\t\t<div class=\"image-wrapper\">\r\n\t\t\t\t\t\t\t\t\t\t\t\t\t<img decoding=\"async\" src=\"https:\/\/www.soroptimist.nl\/de-bilt-bilthoven\/wp-content\/uploads\/sites\/43\/2026\/01\/signal-2025-10-19-18-56-41-082-4.jpg\" alt=\"\" \/>\r\n\t\t\t\t\t\t\t\t\t\t\t\t<div class=\"title\">\r\n\t\t\t\t\t\t\t\t<span>Uiteenlopende acties voor het goede doel<\/span>\r\n\t\t\t\t\t\t\t\t<ul class=\"post-taxonomies product-single\"><\/ul>\t\t\t\t\t\t\t<\/div>\r\n\t\t\t\t\t\t<\/div>\r\n\t\t\t\t\t\t<div class=\"item-read-more read-more\">\r\n\t\t\t\t\t\t\tBekijken\r\n\t\t\t\t\t\t\t<div class=\"arrow\">\r\n\t\t\t\t\t\t\t\t<i class=\"fas fa-chevron-right\"><\/i>\r\n\t\t\t\t\t\t\t<\/div>\r\n\t\t\t\t\t\t<\/div>\r\n\t\t\t\t\t<\/a>\r\n\r\n\t\t\t\t\t\t\t\t\t<\/div>\r\n\t\t\t\t\t\t<\/div>\r\n\t<\/div>\r\n<\/section>\r\n\n\n\n<hr class=\"wp-block-separator has-css-opacity is-style-wide\" \/>\n\n\n\n<div class=\"wp-block-columns is-layout-flex wp-container-core-columns-is-layout-9d6595d7 wp-block-columns-is-layout-flex\">\n<div class=\"wp-block-column is-layout-flow wp-block-column-is-layout-flow\">\n<p><strong>Jaarthema \u2018Inter-actief\u2019<\/strong><\/p>\n\n\n\n<p>In clubjaar 2026 is het thema \u2018Inter-actief\u2019. Dit ruime thema vormt bij onze activiteiten de rode draad. Ieder van de leden is actief in \u00e9\u00e9n van onze commissies, waarmee we ons jaarprogramma invullen.<\/p>\n\n\n\n\n\n<p><strong>Maatschappelijk betrokken<\/strong><\/p>\n\n\n\n<p>Onze commissie &#8216;Thuis in De Bilt&#8217; organiseert maatschappelijke activiteiten in de regio. We klussen mee met NLDoet en helpen met acties van de Voedselbank.<\/p>\n\n\n\n<p><\/p>\n\n\n\n<p><\/p>\n<\/div>\n\n\n\n<div class=\"wp-block-column is-layout-flow wp-block-column-is-layout-flow\" style=\"flex-basis:5%\"><\/div>\n\n\n\n<div class=\"wp-block-column is-layout-flow wp-block-column-is-layout-flow\">\n<p><strong>Fondsenwerving<\/strong><\/p>\n\n\n\n<p>Jaarlijks steunen wij \u00e9\u00e9n goed doel met een financi\u00eble bijdrage. In 2026 is dat het fotoproject <em>The silent wounds of war<\/em>. Onze projectcommissie organiseert <a href=\"https:\/\/www.soroptimist.nl\/de-bilt-bilthoven\/alle-acties\/\" target=\"_blank\" rel=\"noreferrer noopener\">evenementen<\/a> waarmee we geld inzamelen voor het gekozen goede doel. Al meer dan twintig jaar organiseren wij een jaarlijkse bridgedrive. De laatste jaren organiseerden wij onder andere boottochten, filmavonden, een taxatiemiddag, een kunstveiling, concerten, lezingen, debatten, en meer.<\/p>\n\n\n\n<p>We zijn trots dat \u00e9\u00e9n van onze leden een lespakket voor middelbare scholen mede ontwikkelde voor de internationale campagne &#8216;Orange the world&#8217;, om geweld tegen vrouwen onder de aandacht te brengen.<\/p>\n<\/div>\n<\/div>\n\n\n\n<p class=\"is-style-default\"><\/p>\n","protected":false},"excerpt":{"rendered":"<p>Jaarthema \u2018Inter-actief\u2019 In clubjaar 2026 is het thema \u2018Inter-actief\u2019. Dit ruime thema vormt bij onze activiteiten de rode draad. Ieder&#8230; <a href=\"https:\/\/www.soroptimist.nl\/de-bilt-bilthoven\/\" rel=\"bookmark\">lees meer<\/a><\/p>\n","protected":false},"author":2,"featured_media":1055,"parent":0,"menu_order":0,"comment_status":"closed","ping_status":"closed","template":"","meta":{"_acf_changed":false,"inline_featured_image":false,"_coblocks_attr":"","_coblocks_dimensions":"","_coblocks_responsive_height":"","_coblocks_accordion_ie_support":"","footnotes":""},"class_list":["post-5","page","type-page","status-publish","has-post-thumbnail","hentry"],"acf":[],"_links":{"self":[{"href":"https:\/\/www.soroptimist.nl\/de-bilt-bilthoven\/wp-json\/wp\/v2\/pages\/5","targetHints":{"allow":["GET"]}}],"collection":[{"href":"https:\/\/www.soroptimist.nl\/de-bilt-bilthoven\/wp-json\/wp\/v2\/pages"}],"about":[{"href":"https:\/\/www.soroptimist.nl\/de-bilt-bilthoven\/wp-json\/wp\/v2\/types\/page"}],"author":[{"embeddable":true,"href":"https:\/\/www.soroptimist.nl\/de-bilt-bilthoven\/wp-json\/wp\/v2\/users\/2"}],"replies":[{"embeddable":true,"href":"https:\/\/www.soroptimist.nl\/de-bilt-bilthoven\/wp-json\/wp\/v2\/comments?post=5"}],"version-history":[{"count":177,"href":"https:\/\/www.soroptimist.nl\/de-bilt-bilthoven\/wp-json\/wp\/v2\/pages\/5\/revisions"}],"predecessor-version":[{"id":1341,"href":"https:\/\/www.soroptimist.nl\/de-bilt-bilthoven\/wp-json\/wp\/v2\/pages\/5\/revisions\/1341"}],"wp:featuredmedia":[{"embeddable":true,"href":"https:\/\/www.soroptimist.nl\/de-bilt-bilthoven\/wp-json\/wp\/v2\/media\/1055"}],"wp:attachment":[{"href":"https:\/\/www.soroptimist.nl\/de-bilt-bilthoven\/wp-json\/wp\/v2\/media?parent=5"}],"curies":[{"name":"wp","href":"https:\/\/api.w.org\/{rel}","templated":true}]}}