{"id":5,"date":"2020-11-05T18:51:56","date_gmt":"2020-11-03T19:30:28","guid":{"rendered":"https:\/\/www.soroptimist.nl\/delft\/?page_id=5"},"modified":"2026-04-06T10:46:21","modified_gmt":"2026-04-06T08:46:21","slug":"home","status":"publish","type":"page","link":"https:\/\/www.soroptimist.nl\/delft\/","title":{"rendered":"Home"},"content":{"rendered":"<header id=\"page-header-block_70fe10b2ac3414eac43046ac24bd08f9\" class=\"wp-block-page-header alignfull bg-yellow alignfull\">\n\t<div class=\"content container\">\n\t\t\t\t<div class=\"holder\">\n\t\t\t<div class=\"col-12 col-md-8\">\n\n\t\t\t\t<h2><h1>Van harte welkom op de pagina van de Soroptimistclub Delft<\/h1><\/h2>\n\t\t\t\t<a class=\"page-header-button btn yellow-btn icon-btn p-mt-2\" href=\"#profiel\" target=\"_self\">Ons profiel<\/a><a class=\"page-header-button btn blue-btn icon-btn p-mt-2\" href=\"https:\/\/www.soroptimist.nl\/delft\/projecten\/\" target=\"_self\">Onze projecten<\/a><a class=\"page-header-button btn black-btn icon-btn p-mt-2\" href=\"https:\/\/www.soroptimist.nl\/delft\/nieuws\/\" target=\"_self\">Ons nieuws<\/a>\t\t\t<\/div>\n\t\t<\/div>\n\t<\/div>\n<\/header>\n\n\n\n\n<section id=\"text-with-image-block_379404d21ffefd4d7dd758efce058c69\" class=\"wp-block-text-with-image  alignfull\">\n\t<div class=\"container\">\n\t\t<div class=\"row position-relative default-order\">\n\t\t\t<div class=\"col-12 col-md-6 text-column\">\n\t\t\t\t<div class=\"text  \">\n\t\t\t\t\t<h2 class=\"text-with-image-title title-color-primary\">Soroptimistclub Delft<\/h2><div class=\"text-with-image-content\"><p>Een warm welkom bij de Soroptimistclub Delft!\u00a0In vogelvlucht maak je kennis met ons: een actieve en ambitieuze club. Dat zie je terug in ons projectenwerk. We onderscheiden 2 soorten projecten:<\/p>\n<ul>\n<li><a href=\"https:\/\/www.soroptimist.nl\/delft\/projects-local\/het-structurele-klavervrouwproject\/\">Het structurele Klavervrouwproject<\/a><\/li>\n<li><a href=\"https:\/\/www.soroptimist.nl\/delft\/projects-local\/projecten-voor-eenmalige-ondersteuning\/\">Projecten voor eenmalige ondersteuning<\/a><\/li>\n<\/ul>\n<p>We zetten ons in voor \u2018Positieverbetering van vrouwen en meisjes\u2019.<\/p>\n<div class=\"buttons\"><a class=\"text-with-image-button btn yellow-btn icon-btn p-mt-2\" href=\"mailto:delft@soroptimist.nl\" target=\"_self\">Contact opnemen<\/a><\/div><\/div>\t\t\t\t<\/div>\n\t\t\t<\/div>\n\t\t\t\t\t\t<div class=\"d-none d-md-block col-12 col-md-6 image-column shadow-primary wow fadeIn\" data-wow-duration=\"1.0s\" data-wow-delay=\"0s\" data-wow-offset=\"150\"  style=\"background-image: url(https:\/\/www.soroptimist.nl\/delft\/wp-content\/uploads\/sites\/61\/2020\/11\/delft.jpg); background-repeat: no-repeat; background-size: cover; background-color: #fff;\" >\n\t\t\t\t\t\t\t<\/div>\n\t\t<\/div>\n\t<\/div>\n<\/section>\n\n\n\n<div class=\"wp-block-cover alignfull is-light\"><span aria-hidden=\"true\" class=\"wp-block-cover__background has-background-dim-100 has-background-dim\" style=\"background-color:#ffc306\"><\/span><div class=\"wp-block-cover__inner-container is-layout-flow wp-block-cover-is-layout-flow\"><div class=\"wp-bootstrap-blocks-container container mb-2\">\n\t\n\n<a name=\"profiel\"><\/a>\n\n\n\n<div style=\"height:100px\" aria-hidden=\"true\" class=\"wp-block-spacer\"><\/div>\n\n\n\n<div class=\"wp-block-columns is-layout-flex wp-container-core-columns-is-layout-9d6595d7 wp-block-columns-is-layout-flex\">\n<div class=\"wp-block-column is-layout-flow wp-block-column-is-layout-flow\">\n<h2 class=\"wp-block-heading has-white-color has-text-color\">Ondanks de verschillen in levensritme en levensfase versterken we elkaar in een enthousiaste en dynamische club.<\/h2>\n\n\n\n<div style=\"height:50px\" aria-hidden=\"true\" class=\"wp-block-spacer\"><\/div>\n\n\n<div class=\"prode-cta\"><a href=\"https:\/\/www.soroptimist.nl\/lid-worden\/\">Lid worden?<\/a><\/div>\n<\/div>\n\n\n\n<div class=\"wp-block-column is-layout-flow wp-block-column-is-layout-flow\" style=\"flex-basis:5%\"><\/div>\n\n\n\n<div class=\"wp-block-column is-layout-flow wp-block-column-is-layout-flow\">\n<p class=\"has-black-color has-text-color\"><strong>Ons profiel<\/strong><\/p>\n\n\n\n<p class=\"has-black-color has-text-color\">Soroptimistclub Delft is op 26 januari 1952 opgericht als 23e club van Nederland. We zijn met ongeveer 45 leden, afkomstig uit Delft en directe omgeving. Ondanks de verschillen in levensritme en levensfase versterken we elkaar in een enthousiaste en dynamische club. <\/p>\n\n\n\n<p class=\"has-black-color has-text-color\">Soroptimistclub Delft heeft verschillende commissies waaronder een programma-, project- en kiescommissie. Alle clubleden maken deel uit van een commissie want samen organiseren doet nieuwe vriendschappen ontluiken. Elke tweede dinsdag van de maand komen we bij elkaar met een interessante invulling van de avond. Tussentijds organiseren we activiteiten in allerlei vorm om de clubband te versterken.<\/p>\n\n\n\n<p class=\"has-black-color has-text-color\">We onderhouden Friendshiplinks met enkele Soroptimistclubs: in Belgi\u00eb met Scaldilys Gent, in Denemarken met Vejle, in Oekra\u00efne met Dnipro, en in Duitsland met Gl\u00fcckstadt.<\/p>\n<\/div>\n<\/div>\n\n\n\n<p><\/p>\n\n<\/div>\n\n\n\n<div style=\"height:100px\" aria-hidden=\"true\" class=\"wp-block-spacer\"><\/div>\n\n\n\n<p class=\"has-text-align-center has-large-font-size\"><\/p>\n<\/div><\/div>\n\n\n\n<div style=\"height:100px\" aria-hidden=\"true\" class=\"wp-block-spacer\"><\/div>\n\n\n\n<div class=\"wp-block-columns is-layout-flex wp-container-core-columns-is-layout-9d6595d7 wp-block-columns-is-layout-flex\">\n<div class=\"wp-block-column is-layout-flow wp-block-column-is-layout-flow\">\n<h2 class=\"wp-block-heading\">Club Delft bezit de ANBI-status.<\/h2>\n\n\n\n<p><\/p>\n\n\n\n<p><a href=\"https:\/\/www.soroptimist.nl\/delft\/wp-content\/uploads\/sites\/61\/2021\/11\/toelichting-site-ANBI-status-jaarrekening-Soroptimistclub-Delft-boekjaar-2024.docx\" data-type=\"attachment\" data-id=\"424\">verantwoording ANBI-status 2024<\/a><\/p>\n\n\n\n<p><a href=\"https:\/\/www.soroptimist.nl\/delft\/wp-content\/uploads\/sites\/61\/2021\/11\/toelichting-site-ANBI-status-Soroptimistclub-Delft-boekjaar-okt-2022-en-kalenderjaar-2023.docx\">verantwoording ANBI status 2022-2023<\/a><\/p>\n\n\n\n<p><a href=\"https:\/\/www.soroptimist.nl\/delft\/wp-content\/uploads\/sites\/61\/2021\/11\/20212022-ToelichtingANBISoroptimistclubDelft-november-2022-def9052.docx\">verantwoording ANBI status 2021-2022<\/a><\/p>\n\n\n\n<p><a href=\"https:\/\/www.soroptimist.nl\/delft\/wp-content\/uploads\/sites\/61\/2021\/11\/20230227-ToelichtingANBISoroptimistclubDelft-oktober-2021-definitief2176.docx\">verantwoording ANBI-status 2020-2021<\/a><\/p>\n\n\n\n<p><a href=\"https:\/\/www.soroptimist.nl\/delft\/wp-content\/uploads\/sites\/61\/2021\/02\/toelichting-_site_ANBI_status_Soroptimistclub_Delft_2019_202021993.pdf\" target=\"_blank\" rel=\"noreferrer noopener\">Verantwoording ANBI-status 2019-2020<\/a><br><a href=\"https:\/\/www.soroptimist.nl\/delft\/wp-content\/uploads\/sites\/61\/2020\/11\/toelichting__site__anbi_status_soroptimistclub_delft_2018-2019.pdf\" target=\"_blank\" rel=\"noreferrer noopener\"><br><\/a><br><a href=\"https:\/\/www.soroptimist.nl\/delft\/wp-content\/uploads\/sites\/61\/2020\/11\/toelichting__site__anbi_status_soroptimistclub_delft_2016-2017.pdf\" target=\"_blank\" rel=\"noreferrer noopener\"><br><\/a><a href=\"https:\/\/www.soroptimist.nl\/delft\/wp-content\/uploads\/sites\/61\/2021\/11\/afschrift-statutenwijziging-Soroptimist-International-Club-Delft-2023.pdf\">afschrift statutenwijziging Soroptimist International Club Delft 2023<\/a><\/p>\n\n\n\n<p><\/p>\n\n\n\n<p><br><\/p>\n\n\n\n<p><\/p>\n\n\n\n<h2 class=\"wp-block-heading\">Bestuur 2026<\/h2>\n\n\n\n<ul class=\"wp-block-list\">\n<li><strong>President<\/strong>: Alous Spaanderman<\/li>\n\n\n\n<li><strong>Secretaris<\/strong> <strong>convo: <\/strong>Wendela Kuper<\/li>\n\n\n\n<li><strong>Secretaris: <\/strong>Nynke Sterenberg<\/li>\n\n\n\n<li><strong>Penningmeester<\/strong>: Jeanette Kool<\/li>\n<\/ul>\n<\/div>\n<\/div>\n\n\n","protected":false},"excerpt":{"rendered":"<p>Club Delft bezit de ANBI-status. verantwoording ANBI-status 2024 verantwoording ANBI status 2022-2023 verantwoording ANBI status 2021-2022 verantwoording ANBI-status 2020-2021 Verantwoording&#8230; <a href=\"https:\/\/www.soroptimist.nl\/delft\/\" rel=\"bookmark\">lees meer<\/a><\/p>\n","protected":false},"author":2,"featured_media":0,"parent":0,"menu_order":0,"comment_status":"closed","ping_status":"closed","template":"","meta":{"_acf_changed":false,"inline_featured_image":false,"_coblocks_attr":"","_coblocks_dimensions":"","_coblocks_responsive_height":"","_coblocks_accordion_ie_support":"","footnotes":""},"class_list":["post-5","page","type-page","status-publish","hentry"],"acf":[],"_links":{"self":[{"href":"https:\/\/www.soroptimist.nl\/delft\/wp-json\/wp\/v2\/pages\/5","targetHints":{"allow":["GET"]}}],"collection":[{"href":"https:\/\/www.soroptimist.nl\/delft\/wp-json\/wp\/v2\/pages"}],"about":[{"href":"https:\/\/www.soroptimist.nl\/delft\/wp-json\/wp\/v2\/types\/page"}],"author":[{"embeddable":true,"href":"https:\/\/www.soroptimist.nl\/delft\/wp-json\/wp\/v2\/users\/2"}],"replies":[{"embeddable":true,"href":"https:\/\/www.soroptimist.nl\/delft\/wp-json\/wp\/v2\/comments?post=5"}],"version-history":[{"count":29,"href":"https:\/\/www.soroptimist.nl\/delft\/wp-json\/wp\/v2\/pages\/5\/revisions"}],"predecessor-version":[{"id":462,"href":"https:\/\/www.soroptimist.nl\/delft\/wp-json\/wp\/v2\/pages\/5\/revisions\/462"}],"wp:attachment":[{"href":"https:\/\/www.soroptimist.nl\/delft\/wp-json\/wp\/v2\/media?parent=5"}],"curies":[{"name":"wp","href":"https:\/\/api.w.org\/{rel}","templated":true}]}}