{"id":1336,"date":"2024-07-11T13:05:41","date_gmt":"2024-07-11T11:05:41","guid":{"rendered":"https:\/\/www.soroptimist.nl\/gouda\/acties-2\/"},"modified":"2024-07-11T13:06:19","modified_gmt":"2024-07-11T11:06:19","slug":"acties-alle","status":"publish","type":"page","link":"https:\/\/www.soroptimist.nl\/gouda\/acties-alle\/","title":{"rendered":"Alle acties"},"content":{"rendered":"\n<section id=\"calendar-block_73ee4c1f6c2998b9ac40f7c771564a3a\" class=\"wp-block-calendar alignfull transparant\">\n\t<div class=\"container-fluid\">\n\t\t<div class=\"row \">\n\t\t\t<div class=\"search-bar intranet-search\">\n\t\t\t\t<div class=\"container\">\n\t\t\t\t\t<form data-sf-form-id='1335' data-is-rtl='0' data-maintain-state='' data-results-url='https:\/\/www.soroptimist.nl\/gouda\/acties\/' data-ajax-url='https:\/\/www.soroptimist.nl\/gouda\/?sfid=1335&amp;sf_action=get_data&amp;sf_data=all' data-ajax-form-url='https:\/\/www.soroptimist.nl\/gouda\/?sfid=1335&amp;sf_action=get_data&amp;sf_data=form' data-display-result-method='shortcode' data-use-history-api='1' data-template-loaded='0' data-lang-code='nl' data-ajax='1' data-ajax-data-type='json' data-ajax-links-selector='.pagination a' data-ajax-target='#search-filter-results-1335' data-ajax-pagination-type='normal' data-update-ajax-url='1' data-only-results-ajax='1' data-scroll-to-pos='0' data-init-paged='1' data-auto-update='1' data-auto-count='1' data-auto-count-refresh-mode='1' action='https:\/\/www.soroptimist.nl\/gouda\/acties\/' method='post' class='searchandfilter' id='search-filter-form-1335' autocomplete='off' data-instance-count='1'><ul><li class=\"sf-field-search\" data-sf-field-name=\"search\" data-sf-field-type=\"search\" data-sf-field-input-type=\"\">\t\t<label>\n\t\t\t\t   <input placeholder=\"Zoeken \u2026\" name=\"_sf_search[]\" class=\"sf-input-text\" type=\"text\" value=\"\" title=\"\"><\/label>\t\t<\/li><li class=\"sf-field-post-meta-date\" data-sf-field-name=\"_sfm_date\" data-sf-field-type=\"post_meta\" data-sf-field-input-type=\"daterange\" data-sf-meta-type=\"date\"><ul class=\"sf_date_field\" data-date-format=\"dd\/mm\/yy\" data-date-use-year-dropdown='0' data-date-use-month-dropdown='1'><li>\t\t<label>\n\t\t\t\t   <input placeholder=\"van\" class=\"sf-datepicker sf-input-date sf-input-text\" name=\"_sfm_date[]\" type=\"text\" value=\"\" title=\"\"><\/label>\t\t<\/li><li>\t\t<label>\n\t\t\t\t   <input placeholder=\"tot\" class=\"sf-datepicker sf-input-date sf-input-text\" name=\"_sfm_date[]\" type=\"text\" value=\"\" title=\"\"><\/label>\t\t<\/li><\/ul><\/li><li class=\"sf-field-taxonomy-activity-location\" data-sf-field-name=\"_sft_activity-location\" data-sf-field-type=\"taxonomy\" data-sf-field-input-type=\"select\">\t\t<label>\n\t\t\t\t   \t\t<select name=\"_sft_activity-location[]\" class=\"sf-input-select\" title=\"\">\n\t\t\t\t\t\t  \t\t\t<option class=\"sf-level-0 sf-item-0 sf-option-active\" selected=\"selected\" data-sf-count=\"0\" data-sf-depth=\"0\" value=\"\">Alle Locaties..<\/option>\n\t\t\t\t\t\t\t\t\t\t\t<option class=\"sf-level-0 sf-item-27\" data-sf-count=\"22\" data-sf-depth=\"0\" value=\"gouda-e-o\">Gouda e.o.&nbsp;&nbsp;(22)<\/option>\n\t\t\t\t\t\t\t\t\t\t\t<option class=\"sf-level-0 sf-item-25\" data-sf-count=\"22\" data-sf-depth=\"0\" value=\"lokaal\">Lokaal&nbsp;&nbsp;(22)<\/option>\n\t\t\t\t\t\t\t\t\t\t\t<\/select><\/label>\t\t\t\t\t\t\t\t\t\t<\/li><\/ul><\/form>\t\t\t\t<\/div>\n\t\t\t<\/div>\n\t\t<\/div>\n\t<\/div>\n\t<div class=\"container\">\n\t\t<div class=\"row\">\n\t\t\t<div class=\"col-12\">\n\t\t\t\t<div class=\"search-results\">\n\t\t\t\t\t<div class=\"search-filter-results\" id=\"search-filter-results-1335\">\t\t\r\n\t\t<div class=\"col-12 col-md-10 offset-md-1\">\r\n\t\t\t<div class=\"calendar-item-wrapper rs_skip\">\r\n\r\n\t\t\t\t<div class=\"calendar-item wow fadeIn \" data-wow-duration=\"1.0s\" data-wow-delay=\"0s\" data-wow-offset=\"150\">\r\n\t\t\t\t\t\r\n\t\t\t\t\t<div class=\"row\">\r\n\t\t\t\t\t\t<div class=\"col-12\">\r\n\t\t\t\t\t\t\t<div class=\"info-wrapper\">\r\n\r\n\t\t\t\t\t\t\t\t<div class=\"date\">\r\n\t\t\t\t\t\t\t\t\t<ul class=\"post-taxonomies\"><li>Gouda e.o.<\/li><li>Lokaal<\/li><li>Algemeen<\/li><\/ul>\t\t\t\t\t\t\t\t<\/div>\r\n\r\n\t\t\t\t\t\t\t\t<div class=\"info text-left\">\r\n\r\n\t\t\t\t\t\t\t\t\t<div class=\"time-info\">\r\n\t\t\t\t\t\t\t\t\t\t<h5>vr 23-01-2026  om 20:00 uur  <span>tot<\/span> vr  23-01-2026  om 00:00 uur <\/h5>\t\t\t\t\t\t\t\t\t<\/div>\r\n\r\n\t\t\t\t\t\t\t\t\t<div class=\"title\">\r\n\t\t\t\t\t\t\t\t\t\t<h2>\r\n\t\t\t\t\t\t\t\t\t\t\t<a href=\"https:\/\/www.soroptimist.nl\/gouda\/activities-local\/apres-kerst-nog-een-rondje-glitter\/\">\r\n\t\t\t\t\t\t\t\t\t\t\t\tApr\u00e8s kerst, nog \u00e9\u00e9n rondje glitter\t\t\t\t\t\t\t\t\t\t\t<\/a>\r\n\t\t\t\t\t\t\t\t\t\t<\/h2>\r\n\t\t\t\t\t\t\t\t\t<\/div>\r\n\r\n\t\t\t\t\t\t\t\t\t<div class=\"text\">\r\n\t\t\t\t\t\t\t\t\t\t\t\t\t\t\t\t\t\t\t<\/div>\r\n\r\n\t\t\t\t\t\t\t\t\t<div class=\"button-wrapper\">\r\n\t\t\t\t\t\t\t\t\t\t<a href=\"https:\/\/www.soroptimist.nl\/gouda\/activities-local\/apres-kerst-nog-een-rondje-glitter\/\" class=\"button\">\r\n\t\t\t\t\t\t\t\t\t\t\tbekijken\r\n\t\t\t\t\t\t\t\t\t\t<\/a>\r\n\t\t\t\t\t\t\t\t\t<\/div>\r\n\r\n\t\t\t\t\t\t\t\t<\/div>\r\n\r\n\t\t\t\t\t\t\t<\/div>\r\n\t\t\t\t\t\t<\/div>\r\n\t\t\t\t\t<\/div>\r\n\r\n\t\t\t\t<\/div>\r\n\r\n\t\t\t<\/div>\r\n\t\t<\/div>\r\n\r\n\t\t\t\t\r\n\t\t<div class=\"col-12 col-md-10 offset-md-1\">\r\n\t\t\t<div class=\"calendar-item-wrapper rs_skip\">\r\n\r\n\t\t\t\t<div class=\"calendar-item wow fadeIn \" data-wow-duration=\"1.0s\" data-wow-delay=\"0s\" data-wow-offset=\"150\">\r\n\t\t\t\t\t\r\n\t\t\t\t\t<div class=\"row\">\r\n\t\t\t\t\t\t<div class=\"col-12\">\r\n\t\t\t\t\t\t\t<div class=\"info-wrapper\">\r\n\r\n\t\t\t\t\t\t\t\t<div class=\"date\">\r\n\t\t\t\t\t\t\t\t\t<ul class=\"post-taxonomies\"><li>Gouda e.o.<\/li><li>Lokaal<\/li><li>Algemeen<\/li><\/ul>\t\t\t\t\t\t\t\t<\/div>\r\n\r\n\t\t\t\t\t\t\t\t<div class=\"info text-left\">\r\n\r\n\t\t\t\t\t\t\t\t\t<div class=\"time-info\">\r\n\t\t\t\t\t\t\t\t\t\t<h5>di 25-11-2025  <span>tot<\/span> do  04-12-2025 <\/h5>\t\t\t\t\t\t\t\t\t<\/div>\r\n\r\n\t\t\t\t\t\t\t\t\t<div class=\"title\">\r\n\t\t\t\t\t\t\t\t\t\t<h2>\r\n\t\t\t\t\t\t\t\t\t\t\t<a href=\"https:\/\/www.soroptimist.nl\/gouda\/activities-local\/orange-the-world-2025-gouda\/\">\r\n\t\t\t\t\t\t\t\t\t\t\t\tOrange The World 2025 Gouda e.o.\t\t\t\t\t\t\t\t\t\t\t<\/a>\r\n\t\t\t\t\t\t\t\t\t\t<\/h2>\r\n\t\t\t\t\t\t\t\t\t<\/div>\r\n\r\n\t\t\t\t\t\t\t\t\t<div class=\"text\">\r\n\t\t\t\t\t\t\t\t\t\t\t\t\t\t\t\t\t\t\t<\/div>\r\n\r\n\t\t\t\t\t\t\t\t\t<div class=\"button-wrapper\">\r\n\t\t\t\t\t\t\t\t\t\t<a href=\"https:\/\/www.soroptimist.nl\/gouda\/activities-local\/orange-the-world-2025-gouda\/\" class=\"button\">\r\n\t\t\t\t\t\t\t\t\t\t\tbekijken\r\n\t\t\t\t\t\t\t\t\t\t<\/a>\r\n\t\t\t\t\t\t\t\t\t<\/div>\r\n\r\n\t\t\t\t\t\t\t\t<\/div>\r\n\r\n\t\t\t\t\t\t\t<\/div>\r\n\t\t\t\t\t\t<\/div>\r\n\t\t\t\t\t<\/div>\r\n\r\n\t\t\t\t<\/div>\r\n\r\n\t\t\t<\/div>\r\n\t\t<\/div>\r\n\r\n\t\t\t\t\r\n\t\t<div class=\"col-12 col-md-10 offset-md-1\">\r\n\t\t\t<div class=\"calendar-item-wrapper rs_skip\">\r\n\r\n\t\t\t\t<div class=\"calendar-item wow fadeIn \" data-wow-duration=\"1.0s\" data-wow-delay=\"0s\" data-wow-offset=\"150\">\r\n\t\t\t\t\t\r\n\t\t\t\t\t<div class=\"row\">\r\n\t\t\t\t\t\t<div class=\"col-12\">\r\n\t\t\t\t\t\t\t<div class=\"info-wrapper\">\r\n\r\n\t\t\t\t\t\t\t\t<div class=\"date\">\r\n\t\t\t\t\t\t\t\t\t<ul class=\"post-taxonomies\"><li>Gouda e.o.<\/li><li>Lokaal<\/li><li>Algemeen<\/li><\/ul>\t\t\t\t\t\t\t\t<\/div>\r\n\r\n\t\t\t\t\t\t\t\t<div class=\"info text-left\">\r\n\r\n\t\t\t\t\t\t\t\t\t<div class=\"time-info\">\r\n\t\t\t\t\t\t\t\t\t\t<h5>di 18-11-2025  om 20:00 uur  <span>tot<\/span> di  18-11-2025  om 23:00 uur <\/h5>\t\t\t\t\t\t\t\t\t<\/div>\r\n\r\n\t\t\t\t\t\t\t\t\t<div class=\"title\">\r\n\t\t\t\t\t\t\t\t\t\t<h2>\r\n\t\t\t\t\t\t\t\t\t\t\t<a href=\"https:\/\/www.soroptimist.nl\/gouda\/activities-local\/goudse-collegetoer\/\">\r\n\t\t\t\t\t\t\t\t\t\t\t\t12e Collegetoer Gouda\t\t\t\t\t\t\t\t\t\t\t<\/a>\r\n\t\t\t\t\t\t\t\t\t\t<\/h2>\r\n\t\t\t\t\t\t\t\t\t<\/div>\r\n\r\n\t\t\t\t\t\t\t\t\t<div class=\"text\">\r\n\t\t\t\t\t\t\t\t\t\t\t\t\t\t\t\t\t\t\t<\/div>\r\n\r\n\t\t\t\t\t\t\t\t\t<div class=\"button-wrapper\">\r\n\t\t\t\t\t\t\t\t\t\t<a href=\"https:\/\/www.soroptimist.nl\/gouda\/activities-local\/goudse-collegetoer\/\" class=\"button\">\r\n\t\t\t\t\t\t\t\t\t\t\tbekijken\r\n\t\t\t\t\t\t\t\t\t\t<\/a>\r\n\t\t\t\t\t\t\t\t\t<\/div>\r\n\r\n\t\t\t\t\t\t\t\t<\/div>\r\n\r\n\t\t\t\t\t\t\t<\/div>\r\n\t\t\t\t\t\t<\/div>\r\n\t\t\t\t\t<\/div>\r\n\r\n\t\t\t\t<\/div>\r\n\r\n\t\t\t<\/div>\r\n\t\t<\/div>\r\n\r\n\t\t\t\t\r\n\t\t<div class=\"col-12 col-md-10 offset-md-1\">\r\n\t\t\t<div class=\"calendar-item-wrapper rs_skip\">\r\n\r\n\t\t\t\t<div class=\"calendar-item wow fadeIn \" data-wow-duration=\"1.0s\" data-wow-delay=\"0s\" data-wow-offset=\"150\">\r\n\t\t\t\t\t\r\n\t\t\t\t\t<div class=\"row\">\r\n\t\t\t\t\t\t<div class=\"col-12\">\r\n\t\t\t\t\t\t\t<div class=\"info-wrapper\">\r\n\r\n\t\t\t\t\t\t\t\t<div class=\"date\">\r\n\t\t\t\t\t\t\t\t\t<ul class=\"post-taxonomies\"><li>Gouda e.o.<\/li><li>Lokaal<\/li><li>Algemeen<\/li><\/ul>\t\t\t\t\t\t\t\t<\/div>\r\n\r\n\t\t\t\t\t\t\t\t<div class=\"info text-left\">\r\n\r\n\t\t\t\t\t\t\t\t\t<div class=\"time-info\">\r\n\t\t\t\t\t\t\t\t\t\t<h5>zo 21-09-2025  om 11:45 uur  <span>tot<\/span> zo  21-09-2025  om 12:30 uur <\/h5>\t\t\t\t\t\t\t\t\t<\/div>\r\n\r\n\t\t\t\t\t\t\t\t\t<div class=\"title\">\r\n\t\t\t\t\t\t\t\t\t\t<h2>\r\n\t\t\t\t\t\t\t\t\t\t\t<a href=\"https:\/\/www.soroptimist.nl\/gouda\/activities-local\/sos-support-our-sisters-gouda-e-o\/\">\r\n\t\t\t\t\t\t\t\t\t\t\t\tSOS Support Our Sisters Gouda e.o.\t\t\t\t\t\t\t\t\t\t\t<\/a>\r\n\t\t\t\t\t\t\t\t\t\t<\/h2>\r\n\t\t\t\t\t\t\t\t\t<\/div>\r\n\r\n\t\t\t\t\t\t\t\t\t<div class=\"text\">\r\n\t\t\t\t\t\t\t\t\t\t\t\t\t\t\t\t\t\t\t<\/div>\r\n\r\n\t\t\t\t\t\t\t\t\t<div class=\"button-wrapper\">\r\n\t\t\t\t\t\t\t\t\t\t<a href=\"https:\/\/www.soroptimist.nl\/gouda\/activities-local\/sos-support-our-sisters-gouda-e-o\/\" class=\"button\">\r\n\t\t\t\t\t\t\t\t\t\t\tbekijken\r\n\t\t\t\t\t\t\t\t\t\t<\/a>\r\n\t\t\t\t\t\t\t\t\t<\/div>\r\n\r\n\t\t\t\t\t\t\t\t<\/div>\r\n\r\n\t\t\t\t\t\t\t<\/div>\r\n\t\t\t\t\t\t<\/div>\r\n\t\t\t\t\t<\/div>\r\n\r\n\t\t\t\t<\/div>\r\n\r\n\t\t\t<\/div>\r\n\t\t<\/div>\r\n\r\n\t\t\t\t\r\n\t\t<div class=\"col-12 col-md-10 offset-md-1\">\r\n\t\t\t<div class=\"calendar-item-wrapper rs_skip\">\r\n\r\n\t\t\t\t<div class=\"calendar-item wow fadeIn \" data-wow-duration=\"1.0s\" data-wow-delay=\"0s\" data-wow-offset=\"150\">\r\n\t\t\t\t\t\r\n\t\t\t\t\t<div class=\"row\">\r\n\t\t\t\t\t\t<div class=\"col-12\">\r\n\t\t\t\t\t\t\t<div class=\"info-wrapper\">\r\n\r\n\t\t\t\t\t\t\t\t<div class=\"date\">\r\n\t\t\t\t\t\t\t\t\t<ul class=\"post-taxonomies\"><li>Gouda e.o.<\/li><li>Lokaal<\/li><li>Algemeen<\/li><\/ul>\t\t\t\t\t\t\t\t<\/div>\r\n\r\n\t\t\t\t\t\t\t\t<div class=\"info text-left\">\r\n\r\n\t\t\t\t\t\t\t\t\t<div class=\"time-info\">\r\n\t\t\t\t\t\t\t\t\t\t<h5>zo 08-12-2024  om 13:00 uur  <span>tot<\/span> zo  08-12-2024  om 15:00 uur <\/h5>\t\t\t\t\t\t\t\t\t<\/div>\r\n\r\n\t\t\t\t\t\t\t\t\t<div class=\"title\">\r\n\t\t\t\t\t\t\t\t\t\t<h2>\r\n\t\t\t\t\t\t\t\t\t\t\t<a href=\"https:\/\/www.soroptimist.nl\/gouda\/activities-local\/otw-8-december-2024-workshop-zelfverdediging\/\">\r\n\t\t\t\t\t\t\t\t\t\t\t\tOtW 8 december 2024: workshop zelfverdediging\t\t\t\t\t\t\t\t\t\t\t<\/a>\r\n\t\t\t\t\t\t\t\t\t\t<\/h2>\r\n\t\t\t\t\t\t\t\t\t<\/div>\r\n\r\n\t\t\t\t\t\t\t\t\t<div class=\"text\">\r\n\t\t\t\t\t\t\t\t\t\t\t\t\t\t\t\t\t\t\t<\/div>\r\n\r\n\t\t\t\t\t\t\t\t\t<div class=\"button-wrapper\">\r\n\t\t\t\t\t\t\t\t\t\t<a href=\"https:\/\/www.soroptimist.nl\/gouda\/activities-local\/otw-8-december-2024-workshop-zelfverdediging\/\" class=\"button\">\r\n\t\t\t\t\t\t\t\t\t\t\tbekijken\r\n\t\t\t\t\t\t\t\t\t\t<\/a>\r\n\t\t\t\t\t\t\t\t\t<\/div>\r\n\r\n\t\t\t\t\t\t\t\t<\/div>\r\n\r\n\t\t\t\t\t\t\t<\/div>\r\n\t\t\t\t\t\t<\/div>\r\n\t\t\t\t\t<\/div>\r\n\r\n\t\t\t\t<\/div>\r\n\r\n\t\t\t<\/div>\r\n\t\t<\/div>\r\n\r\n\t\t\t\t\r\n\t\t<div class=\"col-12 col-md-10 offset-md-1\">\r\n\t\t\t<div class=\"calendar-item-wrapper rs_skip\">\r\n\r\n\t\t\t\t<div class=\"calendar-item wow fadeIn \" data-wow-duration=\"1.0s\" data-wow-delay=\"0s\" data-wow-offset=\"150\">\r\n\t\t\t\t\t\r\n\t\t\t\t\t<div class=\"row\">\r\n\t\t\t\t\t\t<div class=\"col-12\">\r\n\t\t\t\t\t\t\t<div class=\"info-wrapper\">\r\n\r\n\t\t\t\t\t\t\t\t<div class=\"date\">\r\n\t\t\t\t\t\t\t\t\t<ul class=\"post-taxonomies\"><li>Gouda e.o.<\/li><li>Lokaal<\/li><li>Algemeen<\/li><\/ul>\t\t\t\t\t\t\t\t<\/div>\r\n\r\n\t\t\t\t\t\t\t\t<div class=\"info text-left\">\r\n\r\n\t\t\t\t\t\t\t\t\t<div class=\"time-info\">\r\n\t\t\t\t\t\t\t\t\t\t<h5>ma 02-12-2024  om 19:30 uur  <span>tot<\/span> ma  02-12-2024  om 22:30 uur <\/h5>\t\t\t\t\t\t\t\t\t<\/div>\r\n\r\n\t\t\t\t\t\t\t\t\t<div class=\"title\">\r\n\t\t\t\t\t\t\t\t\t\t<h2>\r\n\t\t\t\t\t\t\t\t\t\t\t<a href=\"https:\/\/www.soroptimist.nl\/gouda\/activities-local\/otw-2-december-2024-theatertalkshow\/\">\r\n\t\t\t\t\t\t\t\t\t\t\t\tOtW 2 december 2024: theatertalkshow\t\t\t\t\t\t\t\t\t\t\t<\/a>\r\n\t\t\t\t\t\t\t\t\t\t<\/h2>\r\n\t\t\t\t\t\t\t\t\t<\/div>\r\n\r\n\t\t\t\t\t\t\t\t\t<div class=\"text\">\r\n\t\t\t\t\t\t\t\t\t\t\t\t\t\t\t\t\t\t\t<\/div>\r\n\r\n\t\t\t\t\t\t\t\t\t<div class=\"button-wrapper\">\r\n\t\t\t\t\t\t\t\t\t\t<a href=\"https:\/\/www.soroptimist.nl\/gouda\/activities-local\/otw-2-december-2024-theatertalkshow\/\" class=\"button\">\r\n\t\t\t\t\t\t\t\t\t\t\tbekijken\r\n\t\t\t\t\t\t\t\t\t\t<\/a>\r\n\t\t\t\t\t\t\t\t\t<\/div>\r\n\r\n\t\t\t\t\t\t\t\t<\/div>\r\n\r\n\t\t\t\t\t\t\t<\/div>\r\n\t\t\t\t\t\t<\/div>\r\n\t\t\t\t\t<\/div>\r\n\r\n\t\t\t\t<\/div>\r\n\r\n\t\t\t<\/div>\r\n\t\t<\/div>\r\n\r\n\t\t\t\t\r\n\t\t<div class=\"col-12 col-md-10 offset-md-1\">\r\n\t\t\t<div class=\"calendar-item-wrapper rs_skip\">\r\n\r\n\t\t\t\t<div class=\"calendar-item wow fadeIn \" data-wow-duration=\"1.0s\" data-wow-delay=\"0s\" data-wow-offset=\"150\">\r\n\t\t\t\t\t\r\n\t\t\t\t\t<div class=\"row\">\r\n\t\t\t\t\t\t<div class=\"col-12\">\r\n\t\t\t\t\t\t\t<div class=\"info-wrapper\">\r\n\r\n\t\t\t\t\t\t\t\t<div class=\"date\">\r\n\t\t\t\t\t\t\t\t\t<ul class=\"post-taxonomies\"><li>Gouda e.o.<\/li><li>Lokaal<\/li><li>Algemeen<\/li><\/ul>\t\t\t\t\t\t\t\t<\/div>\r\n\r\n\t\t\t\t\t\t\t\t<div class=\"info text-left\">\r\n\r\n\t\t\t\t\t\t\t\t\t<div class=\"time-info\">\r\n\t\t\t\t\t\t\t\t\t\t<h5>do 28-11-2024  om 20:00 uur  <span>tot<\/span> do  28-11-2024  om 23:00 uur <\/h5>\t\t\t\t\t\t\t\t\t<\/div>\r\n\r\n\t\t\t\t\t\t\t\t\t<div class=\"title\">\r\n\t\t\t\t\t\t\t\t\t\t<h2>\r\n\t\t\t\t\t\t\t\t\t\t\t<a href=\"https:\/\/www.soroptimist.nl\/gouda\/activities-local\/otw-28-november-2024-thema-avond\/\">\r\n\t\t\t\t\t\t\t\t\t\t\t\tOtW 28 november 2024: thema-avond\t\t\t\t\t\t\t\t\t\t\t<\/a>\r\n\t\t\t\t\t\t\t\t\t\t<\/h2>\r\n\t\t\t\t\t\t\t\t\t<\/div>\r\n\r\n\t\t\t\t\t\t\t\t\t<div class=\"text\">\r\n\t\t\t\t\t\t\t\t\t\t\t\t\t\t\t\t\t\t\t<\/div>\r\n\r\n\t\t\t\t\t\t\t\t\t<div class=\"button-wrapper\">\r\n\t\t\t\t\t\t\t\t\t\t<a href=\"https:\/\/www.soroptimist.nl\/gouda\/activities-local\/otw-28-november-2024-thema-avond\/\" class=\"button\">\r\n\t\t\t\t\t\t\t\t\t\t\tbekijken\r\n\t\t\t\t\t\t\t\t\t\t<\/a>\r\n\t\t\t\t\t\t\t\t\t<\/div>\r\n\r\n\t\t\t\t\t\t\t\t<\/div>\r\n\r\n\t\t\t\t\t\t\t<\/div>\r\n\t\t\t\t\t\t<\/div>\r\n\t\t\t\t\t<\/div>\r\n\r\n\t\t\t\t<\/div>\r\n\r\n\t\t\t<\/div>\r\n\t\t<\/div>\r\n\r\n\t\t\t\t\r\n\t\t<div class=\"col-12 col-md-10 offset-md-1\">\r\n\t\t\t<div class=\"calendar-item-wrapper rs_skip\">\r\n\r\n\t\t\t\t<div class=\"calendar-item wow fadeIn \" data-wow-duration=\"1.0s\" data-wow-delay=\"0s\" data-wow-offset=\"150\">\r\n\t\t\t\t\t\r\n\t\t\t\t\t<div class=\"row\">\r\n\t\t\t\t\t\t<div class=\"col-12\">\r\n\t\t\t\t\t\t\t<div class=\"info-wrapper\">\r\n\r\n\t\t\t\t\t\t\t\t<div class=\"date\">\r\n\t\t\t\t\t\t\t\t\t<ul class=\"post-taxonomies\"><li>Gouda e.o.<\/li><li>Lokaal<\/li><li>Algemeen<\/li><\/ul>\t\t\t\t\t\t\t\t<\/div>\r\n\r\n\t\t\t\t\t\t\t\t<div class=\"info text-left\">\r\n\r\n\t\t\t\t\t\t\t\t\t<div class=\"time-info\">\r\n\t\t\t\t\t\t\t\t\t\t<h5>wo 27-11-2024  om 18:45 uur  <span>tot<\/span> wo  27-11-2024  om 22:30 uur <\/h5>\t\t\t\t\t\t\t\t\t<\/div>\r\n\r\n\t\t\t\t\t\t\t\t\t<div class=\"title\">\r\n\t\t\t\t\t\t\t\t\t\t<h2>\r\n\t\t\t\t\t\t\t\t\t\t\t<a href=\"https:\/\/www.soroptimist.nl\/gouda\/activities-local\/orange-the-world-27-november-2024-film-it-ends-with-us\/\">\r\n\t\t\t\t\t\t\t\t\t\t\t\tOtW 27 november 2024: film &#8216;It ends with us&#8217;\t\t\t\t\t\t\t\t\t\t\t<\/a>\r\n\t\t\t\t\t\t\t\t\t\t<\/h2>\r\n\t\t\t\t\t\t\t\t\t<\/div>\r\n\r\n\t\t\t\t\t\t\t\t\t<div class=\"text\">\r\n\t\t\t\t\t\t\t\t\t\t\t\t\t\t\t\t\t\t\t<\/div>\r\n\r\n\t\t\t\t\t\t\t\t\t<div class=\"button-wrapper\">\r\n\t\t\t\t\t\t\t\t\t\t<a href=\"https:\/\/www.soroptimist.nl\/gouda\/activities-local\/orange-the-world-27-november-2024-film-it-ends-with-us\/\" class=\"button\">\r\n\t\t\t\t\t\t\t\t\t\t\tbekijken\r\n\t\t\t\t\t\t\t\t\t\t<\/a>\r\n\t\t\t\t\t\t\t\t\t<\/div>\r\n\r\n\t\t\t\t\t\t\t\t<\/div>\r\n\r\n\t\t\t\t\t\t\t<\/div>\r\n\t\t\t\t\t\t<\/div>\r\n\t\t\t\t\t<\/div>\r\n\r\n\t\t\t\t<\/div>\r\n\r\n\t\t\t<\/div>\r\n\t\t<\/div>\r\n\r\n\t\t\t\t\r\n\t\t<div class=\"col-12 col-md-10 offset-md-1\">\r\n\t\t\t<div class=\"calendar-item-wrapper rs_skip\">\r\n\r\n\t\t\t\t<div class=\"calendar-item wow fadeIn \" data-wow-duration=\"1.0s\" data-wow-delay=\"0s\" data-wow-offset=\"150\">\r\n\t\t\t\t\t\r\n\t\t\t\t\t<div class=\"row\">\r\n\t\t\t\t\t\t<div class=\"col-12\">\r\n\t\t\t\t\t\t\t<div class=\"info-wrapper\">\r\n\r\n\t\t\t\t\t\t\t\t<div class=\"date\">\r\n\t\t\t\t\t\t\t\t\t<ul class=\"post-taxonomies\"><li>Gouda e.o.<\/li><li>Lokaal<\/li><li>Algemeen<\/li><\/ul>\t\t\t\t\t\t\t\t<\/div>\r\n\r\n\t\t\t\t\t\t\t\t<div class=\"info text-left\">\r\n\r\n\t\t\t\t\t\t\t\t\t<div class=\"time-info\">\r\n\t\t\t\t\t\t\t\t\t\t<h5>ma 25-11-2024  om 10:00 uur  <span>tot<\/span> ma  25-11-2024  om 23:00 uur <\/h5>\t\t\t\t\t\t\t\t\t<\/div>\r\n\r\n\t\t\t\t\t\t\t\t\t<div class=\"title\">\r\n\t\t\t\t\t\t\t\t\t\t<h2>\r\n\t\t\t\t\t\t\t\t\t\t\t<a href=\"https:\/\/www.soroptimist.nl\/gouda\/activities-local\/orange-the-world-aftrap-25-november-2024\/\">\r\n\t\t\t\t\t\t\t\t\t\t\t\tOtW 25 november 2024: aftrap\t\t\t\t\t\t\t\t\t\t\t<\/a>\r\n\t\t\t\t\t\t\t\t\t\t<\/h2>\r\n\t\t\t\t\t\t\t\t\t<\/div>\r\n\r\n\t\t\t\t\t\t\t\t\t<div class=\"text\">\r\n\t\t\t\t\t\t\t\t\t\t\t\t\t\t\t\t\t\t\t<\/div>\r\n\r\n\t\t\t\t\t\t\t\t\t<div class=\"button-wrapper\">\r\n\t\t\t\t\t\t\t\t\t\t<a href=\"https:\/\/www.soroptimist.nl\/gouda\/activities-local\/orange-the-world-aftrap-25-november-2024\/\" class=\"button\">\r\n\t\t\t\t\t\t\t\t\t\t\tbekijken\r\n\t\t\t\t\t\t\t\t\t\t<\/a>\r\n\t\t\t\t\t\t\t\t\t<\/div>\r\n\r\n\t\t\t\t\t\t\t\t<\/div>\r\n\r\n\t\t\t\t\t\t\t<\/div>\r\n\t\t\t\t\t\t<\/div>\r\n\t\t\t\t\t<\/div>\r\n\r\n\t\t\t\t<\/div>\r\n\r\n\t\t\t<\/div>\r\n\t\t<\/div>\r\n\r\n\t\t\t\r\n\t<div class=\"pagination\">\r\n\t\t<div class='wp-pagenavi' role='navigation'>\n<span class='pages'>Pagina 1 van 3<\/span><span aria-current='page' class='current'>1<\/span><a class=\"page larger\" title=\"Pagina 2\" href=\"https:\/\/www.soroptimist.nl\/gouda\/acties\/?sf_paged=2\">2<\/a><a class=\"page larger\" title=\"Pagina 3\" href=\"https:\/\/www.soroptimist.nl\/gouda\/acties\/?sf_paged=3\">3<\/a><a class=\"nextpostslink\" rel=\"next\" aria-label=\"Volgende pagina\" href=\"https:\/\/www.soroptimist.nl\/gouda\/acties\/?sf_paged=2\"><i class=\"fas fa-chevron-right\"><\/i><\/a>\n<\/div>\t<\/div>\r\n\r\n\t<\/div>\t\t\t\t<\/div>\n\t\t\t<\/div>\n\t\t<\/div>\n\t<\/div>\n\n<\/section>\n\n\n\n<p><\/p>\n","protected":false},"excerpt":{"rendered":"","protected":false},"author":213,"featured_media":0,"parent":0,"menu_order":2,"comment_status":"closed","ping_status":"closed","template":"","meta":{"_acf_changed":false,"inline_featured_image":false,"_coblocks_attr":"","_coblocks_dimensions":"","_coblocks_responsive_height":"","_coblocks_accordion_ie_support":"","footnotes":""},"class_list":["post-1336","page","type-page","status-publish","hentry"],"acf":[],"_links":{"self":[{"href":"https:\/\/www.soroptimist.nl\/gouda\/wp-json\/wp\/v2\/pages\/1336","targetHints":{"allow":["GET"]}}],"collection":[{"href":"https:\/\/www.soroptimist.nl\/gouda\/wp-json\/wp\/v2\/pages"}],"about":[{"href":"https:\/\/www.soroptimist.nl\/gouda\/wp-json\/wp\/v2\/types\/page"}],"author":[{"embeddable":true,"href":"https:\/\/www.soroptimist.nl\/gouda\/wp-json\/wp\/v2\/users\/213"}],"replies":[{"embeddable":true,"href":"https:\/\/www.soroptimist.nl\/gouda\/wp-json\/wp\/v2\/comments?post=1336"}],"version-history":[{"count":1,"href":"https:\/\/www.soroptimist.nl\/gouda\/wp-json\/wp\/v2\/pages\/1336\/revisions"}],"predecessor-version":[{"id":1337,"href":"https:\/\/www.soroptimist.nl\/gouda\/wp-json\/wp\/v2\/pages\/1336\/revisions\/1337"}],"wp:attachment":[{"href":"https:\/\/www.soroptimist.nl\/gouda\/wp-json\/wp\/v2\/media?parent=1336"}],"curies":[{"name":"wp","href":"https:\/\/api.w.org\/{rel}","templated":true}]}}