{"id":5,"date":"2020-11-03T19:30:28","date_gmt":"2020-11-03T19:30:28","guid":{"rendered":"https:\/\/www.soroptimist.nl\/hattem-epe-she\/?page_id=5"},"modified":"2026-02-26T12:17:14","modified_gmt":"2026-02-26T11:17:14","slug":"home","status":"publish","type":"page","link":"https:\/\/www.soroptimist.nl\/hattem-epe-she\/","title":{"rendered":"Home"},"content":{"rendered":"<header id=\"page-header-block_cf765ec848c9314986a86ded3aa022cf\" class=\"wp-block-page-header alignfull bg-yellow alignfull\">\n\t<div class=\"content container\">\n\t\t\t\t<div class=\"holder\">\n\t\t\t<div class=\"col-12 col-md-8\">\n\n\t\t\t\t<h2><h1>Van harte welkom op de pagina van de Soroptimistclub Hattem-Epe \u201cSHE\u201d<\/h1><\/h2>\n\t\t\t\t<a class=\"page-header-button btn yellow-btn icon-btn p-mt-2\" href=\"#profiel\" target=\"_self\">Ons profiel<\/a><a class=\"page-header-button btn blue-btn icon-btn p-mt-2\" href=\"https:\/\/www.soroptimist.nl\/hattem-epe-she\/projecten\/\" target=\"_self\">Onze projecten<\/a><a class=\"page-header-button btn black-btn icon-btn p-mt-2\" href=\"https:\/\/www.soroptimist.nl\/hattem-epe-she\/nieuws\/\" target=\"_self\">Ons nieuws<\/a>\t\t\t<\/div>\n\t\t<\/div>\n\t<\/div>\n<\/header>\n\n\n\n\n<section id=\"text-with-image-block_384966371ad55ad3db2f8606f33f8b8a\" class=\"wp-block-text-with-image  alignfull\">\n\t<div class=\"container\">\n\t\t<div class=\"row position-relative default-order\">\n\t\t\t<div class=\"col-12 col-md-6 text-column\">\n\t\t\t\t<div class=\"text  \">\n\t\t\t\t\t<h2 class=\"text-with-image-title title-color-primary\">Nieuw clubjaar = Nieuw thema<\/h2><div class=\"text-with-image-content\"><h3>Clubjaar 2026<\/h3>\n<p><b>&#8220;de kracht van vriendschap met een missie&#8221;<br \/>\n<\/b>We willen dit jaar onze vriendschappen opbouwen, uitbreiden en vasthouden, onze eigen horizon verbreden en samen uitdagingen aangaan die we tegenkomen doordat we de missie praktisch vormgeven.<\/p>\n<p>&nbsp;<\/p>\n<p>&nbsp;<\/p>\n<div class=\"buttons\"><a class=\"text-with-image-button btn yellow-btn icon-btn p-mt-2\" href=\"mailto:hattemepeshe@soroptimist.nl\" target=\"_self\">Contact opnemen<\/a><\/div><\/div>\t\t\t\t<\/div>\n\t\t\t<\/div>\n\t\t\t\t\t\t<div class=\"d-none d-md-block col-12 col-md-6 image-column shadow-primary wow fadeIn\" data-wow-duration=\"1.0s\" data-wow-delay=\"0s\" data-wow-offset=\"150\"  style=\"background-image: url(https:\/\/www.soroptimist.nl\/hattem-epe-she\/wp-content\/uploads\/sites\/85\/2026\/02\/januariSHE2026.jpeg); background-repeat: no-repeat; background-size: cover; background-color: #fff;\" >\n\t\t\t\t\t\t\t<\/div>\n\t\t<\/div>\n\t<\/div>\n<\/section>\n\n\n\n<section id=\"columns-with-icons-block_352cbbe1cdaf1f4e5d78481b3b403a7c\" class=\"wp-block-columns-with-icons alignfull\">\n\t<div class=\"container\">\n\t\t<div class=\"row\">\n\t\t\t<div class=\"col-12\">\n\t\t\t\t<div class=\"container\">\n\t\t\t\t\t<div class=\"row\">\n\t\t\t\t\t\t\t\t\t\t<\/div>\n\t\t\t\t<\/div>\n\t\t\t<\/div>\n\t\t<\/div>\n\t<\/div>\n<\/section>\n\n\n\n\n\n<div class=\"wp-block-cover alignfull is-light\"><span aria-hidden=\"true\" class=\"wp-block-cover__background has-background-dim-100 has-background-dim\" style=\"background-color:#ffc306\"><\/span><div class=\"wp-block-cover__inner-container is-layout-flow wp-block-cover-is-layout-flow\"><div class=\"wp-bootstrap-blocks-container container mb-2\">\n\t\n\n<a name=\"profiel\"><\/a>\n\n\n\n<div style=\"height:100px\" aria-hidden=\"true\" class=\"wp-block-spacer\"><\/div>\n\n\n\n<div class=\"wp-block-columns is-layout-flex wp-container-core-columns-is-layout-9d6595d7 wp-block-columns-is-layout-flex\">\n<div class=\"wp-block-column is-layout-flow wp-block-column-is-layout-flow\">\n<p><\/p>\n\n\n\n<h3 class=\"wp-block-heading has-white-color has-text-color\">Ieder lid kan haar eigen specialiteit en kwaliteit inbrengen om elkaar te ondersteunen en te inspireren. En zich zo gezamenlijk inzetten voor de doelstellingen van het Soroptimisme.<\/h3>\n\n\n\n<div style=\"height:50px\" aria-hidden=\"true\" class=\"wp-block-spacer\"><\/div>\n\n\n<div class=\"prode-cta\"><a href=\"https:\/\/www.soroptimist.nl\/lid-worden\/\">Lid worden?<\/a><\/div>\n<\/div>\n\n\n\n<div class=\"wp-block-column is-layout-flow wp-block-column-is-layout-flow\" style=\"flex-basis:5%\"><\/div>\n\n\n\n<div class=\"wp-block-column is-layout-flow wp-block-column-is-layout-flow\">\n<p class=\"has-black-color has-text-color\"><strong>Ons profiel<\/strong><\/p>\n\n\n\n<p class=\"has-black-color has-text-color\" style=\"font-size:17px\">Soroptimistclub Hattem \u2013 Epe \u201cSHE\u201d is opgericht op 12 september 1998. Het charter werd uitgereikt door Meeri Palosaari uit Finland. De club telt momenteel 25 leden met een grote diversiteit aan beroepen en leeftijden. Ieder lid kan haar eigen specialiteit en kwaliteit inbrengen om elkaar te ondersteunen en te inspireren. En zich zo gezamenlijk inzetten voor de doelstellingen van het Soroptimisme.<\/p>\n\n\n\n<p class=\"has-black-color has-text-color\" style=\"font-size:17px\">Op de 4de woensdag avond van de maand komen we samen in Vrieze&#8217;s Erfgoed in Wapenveld.. We starten de avond met een gezamenlijke maaltijd. Deze vegetarische maaltijden worden verzorgd door Edith van EETIT. <br>Na de maaltijd bespreken we projecten en activiteiten, of bezoeken we bijvoorbeeld een bedrijf. <br>Twee keer per jaar zijn er gespreksavonden waar elke gastvrouw vier of vijf leden thuis ontvangt. De club heeft sinds 2001 een Friendshiplink met SI club Potsdam (DE).<\/p>\n\n\n\n<p class=\"has-black-color has-text-color\"><\/p>\n\n\n\n<p class=\"has-black-color has-text-color\" style=\"font-size:17px\"><strong>Bestuur 2026<\/strong><br>Paula Bulder  &#8211; President<br>Margreet de Jonge &#8211; President<br>Nieske Koenen &#8211; Secretaris<br>Saskia van der Marel Penningmeester<\/p>\n\n\n\n<p class=\"has-black-color has-text-color\"><\/p>\n<\/div>\n<\/div>\n\n<\/div>\n\n\n\n<p class=\"has-text-align-center has-large-font-size\">Volg ons op: <\/p>\n\n\n\n<div style=\"height:0px\" aria-hidden=\"true\" class=\"wp-block-spacer\"><\/div>\n\n\n\n<div class=\"wp-block-buttons has-custom-font-size has-medium-font-size is-horizontal is-content-justification-center is-layout-flex wp-container-core-buttons-is-layout-ddb39544 wp-block-buttons-is-layout-flex\">\n<div class=\"wp-block-button is-style-3d\"><a class=\"wp-block-button__link has-text-align-center wp-element-button\" href=\"https:\/\/www.facebook.com\/SoroptimistSHE\">FACEBOOK<\/a><\/div>\n\n\n\n<div class=\"wp-block-button\"><a class=\"wp-block-button__link wp-element-button\" href=\"https:\/\/www.instagram.com\/soroptimistclubshe\">INSTAGRAM<\/a><\/div>\n<\/div>\n<\/div><\/div>\n\n\n\n<div style=\"height:50px\" aria-hidden=\"true\" class=\"wp-block-spacer\"><\/div>\n\n\n\n<h2 class=\"wp-block-heading\">SHE in 2025:<\/h2>\n\n\n\n<p>Jaarlijkse balansen bij de Passerel Buurtwinkel begin van het nieuwe jaar.<br>22 <strong>januari<\/strong> wisselde het Bestuur en werden er twee nieuwe leden ge\u00efnaugureerd<br>dit jaar een duo voorzitterschap.<br><strong>Maart<\/strong> werd er weer een nieuw lid ge\u00efnaugureerd en vertelde Hilde Wilzing haar &#8220;levensverhaal&#8221;<br><strong>April<\/strong> waren we gastvrouw voor de webmasters workshop van de Unie. Onze leden zorgden voor de catering.<br>De tweede zaterdag in <strong>juli<\/strong> staan we altijd op de Eiermarkt in Veessen. Ditmaal voor &#8220;de Rode Beer &#8221; Wapenveld.<br>Bijeenkomst in <strong>juli<\/strong> werd gehouden in de tuin van Judith met een maaltijd. Het dessert kwam \u00fait de tuin van Adee.<br>We hadden van te voren een naam gekregen. Voor die persoon werd een toespraak voorbereid en een presentje uit je eigen huis ingepakt. &#8220;Hoe goed ken jij je clubzuster&#8221; <br>In <strong>augustus<\/strong> werd er actie ondernomen voor de MUP ( menstruatie uitgifte punt) en werd de Bibliotheek Epe weer van voorraad voorzien.<br><strong>Augustus<\/strong> bezochten we ook <a href=\"https:\/\/kolthoorn.nl\/\">Huize Kolthoorn <\/a>Heerde We werden rondgeleid door huis en tuin en hadden een onderhoud met \u00e9\u00e9n van de eerste Dolle Mina&#8217;s van ons land. <br><strong>September<\/strong> aten we in kleine groepjes bij een clublid thuis. Diezelfde maand mochten we weer een nieuw lid inaugureren, werd de chocoladeletteractie gelanceerd die wij als club al vele jaren met succes houden en was er gelegenheid om je boekenkast aan te vullen met boeken geschonken door de nabestaanden van Andi ons clublid die eind september 2024 overleed. De opbrengst gaat naar de MUP.<br>Later die maand werd de cheque aangeboden aan &#8220;de Rode Beer&#8221; in Wapenveld. \u2013 Tijdens de Eiermarkt in Veessen werd een bedrag van \u20ac450 opgehaald. De opbrengst werd in de vorm van een cheque aangeboden aan de Speelgoed- en Spellenbank van kringloopwinkel de Rode Beer in Wapenveld. De Speelgoed- en Spellenbank verstrekt gratis speelgoed, spellen en boeken aan kinderen uit gezinnen met een smalle beurs. Via Stichting Leergeld ontvangen deze kinderen strippenkaarten of vouchers, waarmee zij zelf speelgoed en spellen kunnen uitzoeken.<br><strong>Oktober<\/strong> werd er een bedrijfsbezoek in Conny haar bedrijf georganiseerd. Schouten&amp;Visschers waar ze onder andere metalen onderdelen maken en metalen samenstellingen lassen.<br><\/p>\n\n\n\n<figure class=\"wp-block-gallery has-nested-images columns-default is-cropped wp-block-gallery-1 is-layout-flex wp-block-gallery-is-layout-flex\">\n<figure class=\"wp-block-image size-large\"><img loading=\"lazy\" decoding=\"async\" width=\"768\" height=\"1024\" data-id=\"526\" src=\"https:\/\/www.soroptimist.nl\/hattem-epe-she\/wp-content\/uploads\/sites\/85\/2025\/11\/2125.11-768x1024.jpg\" alt=\"Balansen bij de Buurtwinkel. Alle producten worden getald.\" class=\"wp-image-526\" srcset=\"https:\/\/www.soroptimist.nl\/hattem-epe-she\/wp-content\/uploads\/sites\/85\/2025\/11\/2125.11-768x1024.jpg 768w, https:\/\/www.soroptimist.nl\/hattem-epe-she\/wp-content\/uploads\/sites\/85\/2025\/11\/2125.11-225x300.jpg 225w, https:\/\/www.soroptimist.nl\/hattem-epe-she\/wp-content\/uploads\/sites\/85\/2025\/11\/2125.11-1152x1536.jpg 1152w, https:\/\/www.soroptimist.nl\/hattem-epe-she\/wp-content\/uploads\/sites\/85\/2025\/11\/2125.11-150x200.jpg 150w, https:\/\/www.soroptimist.nl\/hattem-epe-she\/wp-content\/uploads\/sites\/85\/2025\/11\/2125.11-600x800.jpg 600w, https:\/\/www.soroptimist.nl\/hattem-epe-she\/wp-content\/uploads\/sites\/85\/2025\/11\/2125.11.jpg 1200w\" sizes=\"auto, (max-width: 768px) 100vw, 768px\" \/><figcaption class=\"wp-element-caption\">Balansen bij de buurtwinkel  <\/figcaption><\/figure>\n\n\n\n<figure class=\"wp-block-image size-large\"><img loading=\"lazy\" decoding=\"async\" width=\"1024\" height=\"768\" data-id=\"530\" src=\"https:\/\/www.soroptimist.nl\/hattem-epe-she\/wp-content\/uploads\/sites\/85\/2025\/11\/230725-1024x768.jpg\" alt=\"\" class=\"wp-image-530\" srcset=\"https:\/\/www.soroptimist.nl\/hattem-epe-she\/wp-content\/uploads\/sites\/85\/2025\/11\/230725-1024x768.jpg 1024w, https:\/\/www.soroptimist.nl\/hattem-epe-she\/wp-content\/uploads\/sites\/85\/2025\/11\/230725-300x225.jpg 300w, https:\/\/www.soroptimist.nl\/hattem-epe-she\/wp-content\/uploads\/sites\/85\/2025\/11\/230725-768x576.jpg 768w, https:\/\/www.soroptimist.nl\/hattem-epe-she\/wp-content\/uploads\/sites\/85\/2025\/11\/230725-1536x1152.jpg 1536w, https:\/\/www.soroptimist.nl\/hattem-epe-she\/wp-content\/uploads\/sites\/85\/2025\/11\/230725-200x150.jpg 200w, https:\/\/www.soroptimist.nl\/hattem-epe-she\/wp-content\/uploads\/sites\/85\/2025\/11\/230725-800x600.jpg 800w, https:\/\/www.soroptimist.nl\/hattem-epe-she\/wp-content\/uploads\/sites\/85\/2025\/11\/230725.jpg 1600w\" sizes=\"auto, (max-width: 1024px) 100vw, 1024px\" \/><figcaption class=\"wp-element-caption\">Bijeenkomst bij Judith<\/figcaption><\/figure>\n\n\n\n<figure class=\"wp-block-image size-large\"><img loading=\"lazy\" decoding=\"async\" width=\"1024\" height=\"932\" data-id=\"541\" src=\"https:\/\/www.soroptimist.nl\/hattem-epe-she\/wp-content\/uploads\/sites\/85\/2025\/11\/10925-1024x932.jpg\" alt=\"gebaksbordje met een stukje taart en rode besjes\" class=\"wp-image-541\" srcset=\"https:\/\/www.soroptimist.nl\/hattem-epe-she\/wp-content\/uploads\/sites\/85\/2025\/11\/10925-1024x932.jpg 1024w, https:\/\/www.soroptimist.nl\/hattem-epe-she\/wp-content\/uploads\/sites\/85\/2025\/11\/10925-300x273.jpg 300w, https:\/\/www.soroptimist.nl\/hattem-epe-she\/wp-content\/uploads\/sites\/85\/2025\/11\/10925-768x699.jpg 768w, https:\/\/www.soroptimist.nl\/hattem-epe-she\/wp-content\/uploads\/sites\/85\/2025\/11\/10925-1536x1399.jpg 1536w, https:\/\/www.soroptimist.nl\/hattem-epe-she\/wp-content\/uploads\/sites\/85\/2025\/11\/10925-200x182.jpg 200w, https:\/\/www.soroptimist.nl\/hattem-epe-she\/wp-content\/uploads\/sites\/85\/2025\/11\/10925-800x729.jpg 800w, https:\/\/www.soroptimist.nl\/hattem-epe-she\/wp-content\/uploads\/sites\/85\/2025\/11\/10925.jpg 1600w\" sizes=\"auto, (max-width: 1024px) 100vw, 1024px\" \/><figcaption class=\"wp-element-caption\">Dessert door Kathia<\/figcaption><\/figure>\n\n\n\n<figure class=\"wp-block-image size-large\"><img loading=\"lazy\" decoding=\"async\" width=\"723\" height=\"1024\" data-id=\"532\" src=\"https:\/\/www.soroptimist.nl\/hattem-epe-she\/wp-content\/uploads\/sites\/85\/2025\/11\/240925.2-723x1024.jpg\" alt=\"\" class=\"wp-image-532\" srcset=\"https:\/\/www.soroptimist.nl\/hattem-epe-she\/wp-content\/uploads\/sites\/85\/2025\/11\/240925.2-723x1024.jpg 723w, https:\/\/www.soroptimist.nl\/hattem-epe-she\/wp-content\/uploads\/sites\/85\/2025\/11\/240925.2-212x300.jpg 212w, https:\/\/www.soroptimist.nl\/hattem-epe-she\/wp-content\/uploads\/sites\/85\/2025\/11\/240925.2-768x1087.jpg 768w, https:\/\/www.soroptimist.nl\/hattem-epe-she\/wp-content\/uploads\/sites\/85\/2025\/11\/240925.2-1085x1536.jpg 1085w, https:\/\/www.soroptimist.nl\/hattem-epe-she\/wp-content\/uploads\/sites\/85\/2025\/11\/240925.2-141x200.jpg 141w, https:\/\/www.soroptimist.nl\/hattem-epe-she\/wp-content\/uploads\/sites\/85\/2025\/11\/240925.2-565x800.jpg 565w, https:\/\/www.soroptimist.nl\/hattem-epe-she\/wp-content\/uploads\/sites\/85\/2025\/11\/240925.2.jpg 1130w\" sizes=\"auto, (max-width: 723px) 100vw, 723px\" \/><figcaption class=\"wp-element-caption\">Chocoladeactie<\/figcaption><\/figure>\n\n\n\n<figure class=\"wp-block-image size-large\"><img loading=\"lazy\" decoding=\"async\" width=\"768\" height=\"1024\" data-id=\"533\" src=\"https:\/\/www.soroptimist.nl\/hattem-epe-she\/wp-content\/uploads\/sites\/85\/2025\/11\/240925.3-768x1024.jpg\" alt=\"\" class=\"wp-image-533\" srcset=\"https:\/\/www.soroptimist.nl\/hattem-epe-she\/wp-content\/uploads\/sites\/85\/2025\/11\/240925.3-768x1024.jpg 768w, https:\/\/www.soroptimist.nl\/hattem-epe-she\/wp-content\/uploads\/sites\/85\/2025\/11\/240925.3-225x300.jpg 225w, https:\/\/www.soroptimist.nl\/hattem-epe-she\/wp-content\/uploads\/sites\/85\/2025\/11\/240925.3-1152x1536.jpg 1152w, https:\/\/www.soroptimist.nl\/hattem-epe-she\/wp-content\/uploads\/sites\/85\/2025\/11\/240925.3-150x200.jpg 150w, https:\/\/www.soroptimist.nl\/hattem-epe-she\/wp-content\/uploads\/sites\/85\/2025\/11\/240925.3-600x800.jpg 600w, https:\/\/www.soroptimist.nl\/hattem-epe-she\/wp-content\/uploads\/sites\/85\/2025\/11\/240925.3.jpg 1200w\" sizes=\"auto, (max-width: 768px) 100vw, 768px\" \/><figcaption class=\"wp-element-caption\">Boekverkoop<\/figcaption><\/figure>\n\n\n\n<figure class=\"wp-block-image size-large\"><img loading=\"lazy\" decoding=\"async\" width=\"768\" height=\"1024\" data-id=\"544\" src=\"https:\/\/www.soroptimist.nl\/hattem-epe-she\/wp-content\/uploads\/sites\/85\/2025\/11\/19425.1-768x1024.jpg\" alt=\"\" class=\"wp-image-544\" srcset=\"https:\/\/www.soroptimist.nl\/hattem-epe-she\/wp-content\/uploads\/sites\/85\/2025\/11\/19425.1-768x1024.jpg 768w, https:\/\/www.soroptimist.nl\/hattem-epe-she\/wp-content\/uploads\/sites\/85\/2025\/11\/19425.1-225x300.jpg 225w, https:\/\/www.soroptimist.nl\/hattem-epe-she\/wp-content\/uploads\/sites\/85\/2025\/11\/19425.1-1152x1536.jpg 1152w, https:\/\/www.soroptimist.nl\/hattem-epe-she\/wp-content\/uploads\/sites\/85\/2025\/11\/19425.1-150x200.jpg 150w, https:\/\/www.soroptimist.nl\/hattem-epe-she\/wp-content\/uploads\/sites\/85\/2025\/11\/19425.1-600x800.jpg 600w, https:\/\/www.soroptimist.nl\/hattem-epe-she\/wp-content\/uploads\/sites\/85\/2025\/11\/19425.1.jpg 1200w\" sizes=\"auto, (max-width: 768px) 100vw, 768px\" \/><figcaption class=\"wp-element-caption\">Webmaster workshop catering door clubleden<\/figcaption><\/figure>\n\n\n\n<figure class=\"wp-block-image size-large\"><img loading=\"lazy\" decoding=\"async\" width=\"768\" height=\"1024\" data-id=\"535\" src=\"https:\/\/www.soroptimist.nl\/hattem-epe-she\/wp-content\/uploads\/sites\/85\/2025\/11\/240925-768x1024.jpg\" alt=\"\" class=\"wp-image-535\" srcset=\"https:\/\/www.soroptimist.nl\/hattem-epe-she\/wp-content\/uploads\/sites\/85\/2025\/11\/240925-768x1024.jpg 768w, https:\/\/www.soroptimist.nl\/hattem-epe-she\/wp-content\/uploads\/sites\/85\/2025\/11\/240925-225x300.jpg 225w, https:\/\/www.soroptimist.nl\/hattem-epe-she\/wp-content\/uploads\/sites\/85\/2025\/11\/240925-1152x1536.jpg 1152w, https:\/\/www.soroptimist.nl\/hattem-epe-she\/wp-content\/uploads\/sites\/85\/2025\/11\/240925-150x200.jpg 150w, https:\/\/www.soroptimist.nl\/hattem-epe-she\/wp-content\/uploads\/sites\/85\/2025\/11\/240925-600x800.jpg 600w, https:\/\/www.soroptimist.nl\/hattem-epe-she\/wp-content\/uploads\/sites\/85\/2025\/11\/240925.jpg 1200w\" sizes=\"auto, (max-width: 768px) 100vw, 768px\" \/><figcaption class=\"wp-element-caption\">Proosten op nieuw clublid!!<\/figcaption><\/figure>\n\n\n\n<figure class=\"wp-block-image size-large\"><img loading=\"lazy\" decoding=\"async\" width=\"1024\" height=\"768\" data-id=\"536\" src=\"https:\/\/www.soroptimist.nl\/hattem-epe-she\/wp-content\/uploads\/sites\/85\/2025\/11\/260925-1024x768.jpg\" alt=\"\" class=\"wp-image-536\" srcset=\"https:\/\/www.soroptimist.nl\/hattem-epe-she\/wp-content\/uploads\/sites\/85\/2025\/11\/260925-1024x768.jpg 1024w, https:\/\/www.soroptimist.nl\/hattem-epe-she\/wp-content\/uploads\/sites\/85\/2025\/11\/260925-300x225.jpg 300w, https:\/\/www.soroptimist.nl\/hattem-epe-she\/wp-content\/uploads\/sites\/85\/2025\/11\/260925-768x576.jpg 768w, https:\/\/www.soroptimist.nl\/hattem-epe-she\/wp-content\/uploads\/sites\/85\/2025\/11\/260925-1536x1152.jpg 1536w, https:\/\/www.soroptimist.nl\/hattem-epe-she\/wp-content\/uploads\/sites\/85\/2025\/11\/260925-200x150.jpg 200w, https:\/\/www.soroptimist.nl\/hattem-epe-she\/wp-content\/uploads\/sites\/85\/2025\/11\/260925-800x600.jpg 800w, https:\/\/www.soroptimist.nl\/hattem-epe-she\/wp-content\/uploads\/sites\/85\/2025\/11\/260925.jpg 1600w\" sizes=\"auto, (max-width: 1024px) 100vw, 1024px\" \/><figcaption class=\"wp-element-caption\">Cheque voor de Rode Beer<\/figcaption><\/figure>\n\n\n\n<figure class=\"wp-block-image size-large\"><img loading=\"lazy\" decoding=\"async\" width=\"576\" height=\"1024\" data-id=\"527\" src=\"https:\/\/www.soroptimist.nl\/hattem-epe-she\/wp-content\/uploads\/sites\/85\/2025\/11\/80825-576x1024.jpg\" alt=\"Boodschappenkar vol met maandverband\" class=\"wp-image-527\" srcset=\"https:\/\/www.soroptimist.nl\/hattem-epe-she\/wp-content\/uploads\/sites\/85\/2025\/11\/80825-576x1024.jpg 576w, https:\/\/www.soroptimist.nl\/hattem-epe-she\/wp-content\/uploads\/sites\/85\/2025\/11\/80825-169x300.jpg 169w, https:\/\/www.soroptimist.nl\/hattem-epe-she\/wp-content\/uploads\/sites\/85\/2025\/11\/80825-768x1365.jpg 768w, https:\/\/www.soroptimist.nl\/hattem-epe-she\/wp-content\/uploads\/sites\/85\/2025\/11\/80825-864x1536.jpg 864w, https:\/\/www.soroptimist.nl\/hattem-epe-she\/wp-content\/uploads\/sites\/85\/2025\/11\/80825-113x200.jpg 113w, https:\/\/www.soroptimist.nl\/hattem-epe-she\/wp-content\/uploads\/sites\/85\/2025\/11\/80825-450x800.jpg 450w, https:\/\/www.soroptimist.nl\/hattem-epe-she\/wp-content\/uploads\/sites\/85\/2025\/11\/80825.jpg 900w\" sizes=\"auto, (max-width: 576px) 100vw, 576px\" \/><figcaption class=\"wp-element-caption\">Aanvullen MUP<\/figcaption><\/figure>\n\n\n\n<figure class=\"wp-block-image size-large\"><img loading=\"lazy\" decoding=\"async\" width=\"857\" height=\"1024\" data-id=\"528\" src=\"https:\/\/www.soroptimist.nl\/hattem-epe-she\/wp-content\/uploads\/sites\/85\/2025\/11\/280825.5-857x1024.jpg\" alt=\"Bord met Dolle Mina\" class=\"wp-image-528\" srcset=\"https:\/\/www.soroptimist.nl\/hattem-epe-she\/wp-content\/uploads\/sites\/85\/2025\/11\/280825.5-857x1024.jpg 857w, https:\/\/www.soroptimist.nl\/hattem-epe-she\/wp-content\/uploads\/sites\/85\/2025\/11\/280825.5-251x300.jpg 251w, https:\/\/www.soroptimist.nl\/hattem-epe-she\/wp-content\/uploads\/sites\/85\/2025\/11\/280825.5-768x918.jpg 768w, https:\/\/www.soroptimist.nl\/hattem-epe-she\/wp-content\/uploads\/sites\/85\/2025\/11\/280825.5-167x200.jpg 167w, https:\/\/www.soroptimist.nl\/hattem-epe-she\/wp-content\/uploads\/sites\/85\/2025\/11\/280825.5-669x800.jpg 669w, https:\/\/www.soroptimist.nl\/hattem-epe-she\/wp-content\/uploads\/sites\/85\/2025\/11\/280825.5.jpg 1198w\" sizes=\"auto, (max-width: 857px) 100vw, 857px\" \/><figcaption class=\"wp-element-caption\">Gesprek met <br>een van de eerste Dolle Mina&#8217;s <\/figcaption><\/figure>\n\n\n\n<figure class=\"wp-block-image size-large\"><img loading=\"lazy\" decoding=\"async\" width=\"768\" height=\"1024\" data-id=\"539\" src=\"https:\/\/www.soroptimist.nl\/hattem-epe-she\/wp-content\/uploads\/sites\/85\/2025\/11\/280825.3-768x1024.jpg\" alt=\"\" class=\"wp-image-539\" srcset=\"https:\/\/www.soroptimist.nl\/hattem-epe-she\/wp-content\/uploads\/sites\/85\/2025\/11\/280825.3-768x1024.jpg 768w, https:\/\/www.soroptimist.nl\/hattem-epe-she\/wp-content\/uploads\/sites\/85\/2025\/11\/280825.3-225x300.jpg 225w, https:\/\/www.soroptimist.nl\/hattem-epe-she\/wp-content\/uploads\/sites\/85\/2025\/11\/280825.3-1152x1536.jpg 1152w, https:\/\/www.soroptimist.nl\/hattem-epe-she\/wp-content\/uploads\/sites\/85\/2025\/11\/280825.3-150x200.jpg 150w, https:\/\/www.soroptimist.nl\/hattem-epe-she\/wp-content\/uploads\/sites\/85\/2025\/11\/280825.3-600x800.jpg 600w, https:\/\/www.soroptimist.nl\/hattem-epe-she\/wp-content\/uploads\/sites\/85\/2025\/11\/280825.3.jpg 1200w\" sizes=\"auto, (max-width: 768px) 100vw, 768px\" \/><figcaption class=\"wp-element-caption\">Bibliotheek met tuinboeken<\/figcaption><\/figure>\n\n\n\n<figure class=\"wp-block-image size-large\"><img loading=\"lazy\" decoding=\"async\" width=\"768\" height=\"1024\" data-id=\"540\" src=\"https:\/\/www.soroptimist.nl\/hattem-epe-she\/wp-content\/uploads\/sites\/85\/2025\/11\/280825.4-768x1024.jpg\" alt=\"Porseleinen koffiekopje en blauw met goud in de tuin van Huize Kolthoorn Heerde\" class=\"wp-image-540\" srcset=\"https:\/\/www.soroptimist.nl\/hattem-epe-she\/wp-content\/uploads\/sites\/85\/2025\/11\/280825.4-768x1024.jpg 768w, https:\/\/www.soroptimist.nl\/hattem-epe-she\/wp-content\/uploads\/sites\/85\/2025\/11\/280825.4-225x300.jpg 225w, https:\/\/www.soroptimist.nl\/hattem-epe-she\/wp-content\/uploads\/sites\/85\/2025\/11\/280825.4-1152x1536.jpg 1152w, https:\/\/www.soroptimist.nl\/hattem-epe-she\/wp-content\/uploads\/sites\/85\/2025\/11\/280825.4-150x200.jpg 150w, https:\/\/www.soroptimist.nl\/hattem-epe-she\/wp-content\/uploads\/sites\/85\/2025\/11\/280825.4-600x800.jpg 600w, https:\/\/www.soroptimist.nl\/hattem-epe-she\/wp-content\/uploads\/sites\/85\/2025\/11\/280825.4.jpg 1200w\" sizes=\"auto, (max-width: 768px) 100vw, 768px\" \/><figcaption class=\"wp-element-caption\">koffie bij Huize Kolthoorn<\/figcaption><\/figure>\n<\/figure>\n\n\n\n<h2 class=\"wp-block-heading\">SHE in 2024: <\/h2>\n\n\n\n<p style=\"font-size:19px\">Bestuurswisseling in Januari.<br>Balansen bij Buurtwinkel &#8220;de Passerel&#8221;<br>Goed &#8220;aangeklede&#8221; Nieuwjaarsreceptie bij de nieuwe Voorzitter Paula thuis.<br>2 leden presenteerden een avond bij de Rotary Epe over de acties rondom Orange the World.<br>We bezochten &#8220;Landgoed Tongeren&#8221; met lezing en rondleiding over het landgoed.<br>Hiep Hoera: Twee nieuwe enthousiaste leden erbij! Welkom Janine en Annemieke! <br>Maakten kennis met het werk van ons clublid Saskia als uitvaartondernemer. <a href=\"https:\/\/akkerhoeve-uitvaarten.nl\/\" data-type=\"link\" data-id=\"https:\/\/akkerhoeve-uitvaarten.nl\/\">akkerhoeve.nl <\/a><br>Haardavond bij \u00e9\u00e9n van de leden thuis met vragen en opdrachten en&#8230;lekkere dingen&#8230;<br>Offici\u00eble opening van de boomgaard Kerkdijk Veessen.<br>Bezochten met een grote delegatie de &#8220;Inspirada&#8221; in Lelystad.<br>We deden een bijdrage aan een culturele excursie van &#8220;Samen in Gesprek Wezep&#8221; <br>                 <em>een gespreksgroep voor vrouwen na een afgeronde inburgeringscursus.<\/em><br>Op de Eiermarkt Veessen verkochten we onze bladwijzers met boek voor 100xtrees4life.<br>Voor Stichting Leergeld huurden we 2 professionele Schminksters in voor kinderen die een Zomertasje met leuke inhoud kregen aangeboden.<br>De Programma commissie regelde een heerlijke maaltijd in de tuin bij Conny aan de IJssel.<br><br><\/p>\n\n\n\n<hr class=\"wp-block-separator has-alpha-channel-opacity\" \/>\n\n\n\n<section id=\"columns-with-icons-block_352cbbe1cdaf1f4e5d78481b3b403a7c\" class=\"wp-block-columns-with-icons alignfull\">\n\t<div class=\"container\">\n\t\t<div class=\"row\">\n\t\t\t<div class=\"col-12\">\n\t\t\t\t<div class=\"container\">\n\t\t\t\t\t<div class=\"row\">\n\t\t\t\t\t\t\t\t\t\t<\/div>\n\t\t\t\t<\/div>\n\t\t\t<\/div>\n\t\t<\/div>\n\t<\/div>\n<\/section>\n\n\n\n\n\n<p><\/p>\n","protected":false},"excerpt":{"rendered":"<p>SHE in 2025: Jaarlijkse balansen bij de Passerel Buurtwinkel begin van het nieuwe jaar.22 januari wisselde het Bestuur en werden&#8230; <a href=\"https:\/\/www.soroptimist.nl\/hattem-epe-she\/\" rel=\"bookmark\">lees meer<\/a><\/p>\n","protected":false},"author":745,"featured_media":0,"parent":0,"menu_order":0,"comment_status":"closed","ping_status":"closed","template":"","meta":{"_acf_changed":false,"inline_featured_image":false,"_coblocks_attr":"","_coblocks_dimensions":"","_coblocks_responsive_height":"","_coblocks_accordion_ie_support":"","footnotes":""},"class_list":["post-5","page","type-page","status-publish","hentry"],"acf":[],"_links":{"self":[{"href":"https:\/\/www.soroptimist.nl\/hattem-epe-she\/wp-json\/wp\/v2\/pages\/5","targetHints":{"allow":["GET"]}}],"collection":[{"href":"https:\/\/www.soroptimist.nl\/hattem-epe-she\/wp-json\/wp\/v2\/pages"}],"about":[{"href":"https:\/\/www.soroptimist.nl\/hattem-epe-she\/wp-json\/wp\/v2\/types\/page"}],"author":[{"embeddable":true,"href":"https:\/\/www.soroptimist.nl\/hattem-epe-she\/wp-json\/wp\/v2\/users\/745"}],"replies":[{"embeddable":true,"href":"https:\/\/www.soroptimist.nl\/hattem-epe-she\/wp-json\/wp\/v2\/comments?post=5"}],"version-history":[{"count":86,"href":"https:\/\/www.soroptimist.nl\/hattem-epe-she\/wp-json\/wp\/v2\/pages\/5\/revisions"}],"predecessor-version":[{"id":567,"href":"https:\/\/www.soroptimist.nl\/hattem-epe-she\/wp-json\/wp\/v2\/pages\/5\/revisions\/567"}],"wp:attachment":[{"href":"https:\/\/www.soroptimist.nl\/hattem-epe-she\/wp-json\/wp\/v2\/media?parent=5"}],"curies":[{"name":"wp","href":"https:\/\/api.w.org\/{rel}","templated":true}]}}