{"id":273,"date":"2025-02-27T14:47:00","date_gmt":"2025-02-27T13:47:00","guid":{"rendered":"https:\/\/www.soroptimist.nl\/hoeksche-waard-ijsselmonde\/?post_type=product&#038;p=273"},"modified":"2025-05-08T21:53:35","modified_gmt":"2025-05-08T19:53:35","slug":"11-zingen-op-hoog-niveau-zangworkshop","status":"publish","type":"product","link":"https:\/\/www.soroptimist.nl\/hoeksche-waard-ijsselmonde\/product\/11-zingen-op-hoog-niveau-zangworkshop\/","title":{"rendered":"11 Samen zingen verbindt"},"content":{"rendered":"<p><strong>11 Samen zingen verbindt, in de Laurenskerk.<\/strong><\/p>\n<p><strong>Wil je zingen, zing dan mee! Soroptimist, zangeres \u00e9n zangpedagoog Mari\u00ebt Kaasschieter gaat met een klein groepje aan de slag met haar grote passie. Ben je \u00e9cht ge\u00efnteresseerd en wil je in relatief korte tijd een lied instuderen met deze zeer ervaren zangeres, meld je dan aan<\/strong>.<\/p>\n<p>Mari\u00ebt Kaasschieter is zangeres, coach, zangpedagoge en lid van club Hoeksche Waard IJsselmond. Zij zong meer dan twintig jaar bij het Nederlands Kamerkoor. Zij zal in de prachtige Laurenskerk een zangworkshop geven aan ge\u00efnteresseerde dames. In korte tijd zal deze zeer ervaren zangeres een lied met je instuderen waarin uw stem een plaats heeft. Zij kan je als gewenst ook persoonlijke adviezen geven.<\/p>\n<p>Locatie: Laurenskerk<br \/>\nVervoer: Het is 15 minuten lopen vanaf het Hofpleintheater.<br \/>\nToegankelijkheid: voor iedereen toegankelijk<br \/>\nMuseumkaart: nee<br \/>\nPrijs: \u20ac75 (\u20ac65 early bird tot 15 april)<\/p>\n<p>Indien er staat Zie voor manier van bestellen de bovenstaande tekst, dan is de workshop volgeboekt.<\/p>\n","protected":false},"excerpt":{"rendered":"<p>11 Samen zingen verbindt, in de Laurenskerk. Wil je zingen, zing dan mee! Soroptimist, zangeres \u00e9n zangpedagoog Mari\u00ebt Kaasschieter gaat&#8230; <a href=\"https:\/\/www.soroptimist.nl\/hoeksche-waard-ijsselmonde\/product\/11-zingen-op-hoog-niveau-zangworkshop\/\" rel=\"bookmark\">lees meer<\/a><\/p>\n","protected":false},"featured_media":333,"comment_status":"closed","ping_status":"closed","template":"","meta":{"_acf_changed":false,"inline_featured_image":false,"_coblocks_attr":"","_coblocks_dimensions":"","_coblocks_responsive_height":"","_coblocks_accordion_ie_support":""},"prode_product_location":[30],"product_brand":[],"product_cat":[18],"product_tag":[],"class_list":{"0":"post-273","1":"product","2":"type-product","3":"status-publish","4":"has-post-thumbnail","6":"prode_product_location-hoeksche-waard","7":"product_cat-club-producten","9":"first","10":"outofstock","11":"shipping-taxable","12":"purchasable","13":"product-type-simple"},"acf":[],"_links":{"self":[{"href":"https:\/\/www.soroptimist.nl\/hoeksche-waard-ijsselmonde\/wp-json\/wp\/v2\/product\/273","targetHints":{"allow":["GET"]}}],"collection":[{"href":"https:\/\/www.soroptimist.nl\/hoeksche-waard-ijsselmonde\/wp-json\/wp\/v2\/product"}],"about":[{"href":"https:\/\/www.soroptimist.nl\/hoeksche-waard-ijsselmonde\/wp-json\/wp\/v2\/types\/product"}],"replies":[{"embeddable":true,"href":"https:\/\/www.soroptimist.nl\/hoeksche-waard-ijsselmonde\/wp-json\/wp\/v2\/comments?post=273"}],"wp:featuredmedia":[{"embeddable":true,"href":"https:\/\/www.soroptimist.nl\/hoeksche-waard-ijsselmonde\/wp-json\/wp\/v2\/media\/333"}],"wp:attachment":[{"href":"https:\/\/www.soroptimist.nl\/hoeksche-waard-ijsselmonde\/wp-json\/wp\/v2\/media?parent=273"}],"wp:term":[{"taxonomy":"prode_product_location","embeddable":true,"href":"https:\/\/www.soroptimist.nl\/hoeksche-waard-ijsselmonde\/wp-json\/wp\/v2\/prode_product_location?post=273"},{"taxonomy":"product_brand","embeddable":true,"href":"https:\/\/www.soroptimist.nl\/hoeksche-waard-ijsselmonde\/wp-json\/wp\/v2\/product_brand?post=273"},{"taxonomy":"product_cat","embeddable":true,"href":"https:\/\/www.soroptimist.nl\/hoeksche-waard-ijsselmonde\/wp-json\/wp\/v2\/product_cat?post=273"},{"taxonomy":"product_tag","embeddable":true,"href":"https:\/\/www.soroptimist.nl\/hoeksche-waard-ijsselmonde\/wp-json\/wp\/v2\/product_tag?post=273"}],"curies":[{"name":"wp","href":"https:\/\/api.w.org\/{rel}","templated":true}]}}