{"id":5,"date":"2020-11-03T19:30:28","date_gmt":"2020-11-03T19:30:28","guid":{"rendered":"https:\/\/www.soroptimist.nl\/rotterdam\/?page_id=5"},"modified":"2026-02-10T21:26:57","modified_gmt":"2026-02-10T20:26:57","slug":"home","status":"publish","type":"page","link":"https:\/\/www.soroptimist.nl\/rotterdam\/","title":{"rendered":"Home"},"content":{"rendered":"<header id=\"page-header-block_18efbe8dd9347bd5595f5a96e5e4ac90\" class=\"wp-block-page-header alignfull bg-yellow alignfull\">\n\t<div class=\"content container\">\n\t\t\t\t<div class=\"holder\">\n\t\t\t<div class=\"col-12 col-md-8\">\n\n\t\t\t\t<h2><h1>Van harte welkom op de pagina van Soroptimistclub Rotterdam!<\/h1> \r\n<\/h2>\n\t\t\t\t<a class=\"page-header-button btn yellow-btn icon-btn p-mt-2\" href=\"#profiel\" target=\"_self\">Ons profiel<\/a><a class=\"page-header-button btn blue-btn icon-btn p-mt-2\" href=\"https:\/\/www.soroptimist.nl\/rotterdam\/projecten\/\" target=\"_self\">Onze projecten<\/a><a class=\"page-header-button btn black-btn icon-btn p-mt-2\" href=\"https:\/\/www.soroptimist.nl\/rotterdam\/news-local\/\" target=\"_self\">Ons nieuws<\/a><a class=\"page-header-button btn white-btn icon-btn p-mt-2\" href=\"https:\/\/www.soroptimist.nl\/rotterdam\/acties\" target=\"_self\">Onze acties<\/a>\t\t\t<\/div>\n\t\t<\/div>\n\t<\/div>\n<\/header>\n\n\n\n\n<section id=\"text-with-image-block_c8304f42b1814b72538781c4a06fe7d8\" class=\"wp-block-text-with-image  alignfull\">\n\t<div class=\"container\">\n\t\t<div class=\"row position-relative default-order\">\n\t\t\t<div class=\"col-12 col-md-6 text-column\">\n\t\t\t\t<div class=\"text  \">\n\t\t\t\t\t<h2 class=\"text-with-image-title title-color-primary\">Soroptimistclub Rotterdam<\/h2><div class=\"text-with-image-content\"><p>Club Rotterdam staat graag midden in de samenleving. Onze acties richten zich op het welzijn van vrouwen en kinderen in en om Rotterdam, maar ook de door de Unie aanbevolen landelijke en wereldwijde projecten krijgen onze aandacht en steun, zoals de campagnes Orange the World en 100 x Trees For Life. We richten ons naar buiten, maar van grote waarde is de interne aandacht en vriendschap voor elkaar: samenwerken, elkaar beter leren kennen en elkaar versterken horen daarbij.<\/p>\n<p><strong>Club Rotterdam is er trots op dat we samen met drie andere clubs de <a href=\"https:\/\/www.soroptimist.nl\/rotterdam\/news-local\/inspirada-2025-in-rotterdam\/\">Inspirada 2025<\/a> mogen organiseren in Rotterdam en Schiedam.<\/strong><\/p>\n<p><img loading=\"lazy\" decoding=\"async\" class=\"alignnone size-medium wp-image-951\" src=\"https:\/\/www.soroptimist.nl\/rotterdam\/wp-content\/uploads\/sites\/64\/2024\/04\/2024-04-17-SI-ALV-eten-de-Maas-02-b-300x225.jpg\" alt=\"\" width=\"300\" height=\"225\" \/><\/p>\n<p>Onze club kent een lange en inspirerende geschiedenis. Club Rotterdam is op <strong>22 maart 1930<\/strong> als vierde Nederlandse club opgericht. Onze charter werd uitgereikt door Esther Welmoet Wijnaendts Francken-Dyserinck, journaliste en vooraanstaand feministe en medeoprichter van de Nederlandsche Bond voor Vrouwenkiesrecht. In de loop van ruim 90 jaren kende onze club vele leden die een aanzienlijke betekenis hadden voor de maatschappij. Vandaag de dag bestaat onze club uit ongeveer 40 bevlogen Rotterdamse vrouwen, in leeftijd vari\u00ebrend van 35 tot 90 jaar, met een grote diversiteit aan beroepen en achtergronden.<\/p>\n<p><strong>Het bestuur<\/strong> voor het clubjaar 2025 wordt gevormd door:<\/p>\n<ul>\n<li>Irene Smit, voorzitter<\/li>\n<li>Danielle Vissers, vice-voorzitter<\/li>\n<li>Marieke van der Horst, secretaris<\/li>\n<li>Priscilla Loor, penningmeester<\/li>\n<li>Aimee Tops, assessor<\/li>\n<\/ul>\n<p>Nieuwsgierig naar onze club of vragen? <strong>Stuur een mailtje<\/strong> naar: <a href=\"mailto:rotterdam@soroptimist.nl\" target=\"_blank\" rel=\"noopener\">rotterdam@soroptimist.nl<\/a>. Wij staan je graag te woord.<\/p>\n<p><strong>Wat wij zoal doen en deden<\/strong><\/p>\n<p>De leden komen\u00a0<strong>tien keer<\/strong>\u00a0per jaar tijdens een clubavond bij elkaar: eerst eten we gezellig en praten elkaar bij en daarna is er de plenaire bijeenkomst. Tijdens zo\u2019n\u00a0<strong>clubavond<\/strong>\u00a0komt vaak een externe spreker aan het woord over een actueel of interessant onderwerp. Ook organiseren wij jaarlijks een \u00a0<strong>uitje met drie andere clubs<\/strong>\u00a0uit de Rotterdamse regio en hebben we een uitstapje met\u00a0<strong>Club D\u00fcsseldorf<\/strong>\u00a0uit Duitsland of\u00a0<strong>Club Oostende<\/strong>\u00a0uit Belgi\u00eb. Met beide clubs hebben wij een friendshiplink. Daarnaast organiseren wij diverse (fondsenwervende) activiteiten, vieren we in maart de verjaardag (dies) van de club, houden we in het najaar een wilddiner en ontmoeten we elkaar bij een kerstbijeenkomst.<\/p>\n<p><em>Hieronder vind je een korte opsomming van wat wij zoal doen. Onder de buttons \u2018Projecten\u2019 en \u2018Acties\u2019 vind je uitgebreidere informatie.<\/em><\/p>\n<p><strong>6 februari: Pubquiz<\/strong><br \/>\nSoroptimistclub Rotterdam en Rotary Club Rotterdam-Delfshaven hebben een geslaagde pubquiz georganiseerd, waarbij \u20ac 1.975 is opgebracht voor Stichting JAN.<\/p>\n<p><strong>27 \u00a0januari 2026: Algemene leden vergadering<\/strong><\/p>\n<p>In januari was onze bestuurswissel. Veel dank aan het bestuur 2025. En uiteraard veel succes voor het bestuur 2026.<\/p>\n<p><strong>24 augustus: Trompenburg<br \/>\n<\/strong><\/p>\n<p>Uitje met workshop van een keramist, samen met de clubs BenedenMaas en Schieland naar Trompenburg Tuinen &amp; Arboretum.<\/p>\n<p><strong>28 &#8211; 31 augustus: Bezoek aan Basel<\/strong><\/p>\n<p>Bezoek aan zusterclub SoroptimistBasel in Zwitserland, met veel aandacht voor Desederius Erasmus.<\/p>\n<p><strong>19 juni: Rita Lensink-Bosmanlezing<\/strong><\/p>\n<p>In samenwerking met het Rotterdamsch Leeskabinet organiseerden wij <a href=\"https:\/\/www.soroptimist.nl\/rotterdam\/news-local\/rita-lensink-bosman-lezing-2024\/\">een lezing<\/a> van auteur Josephine Rombouts. Zij vertelde over haar recente boek &#8216;Opmerkelijke Vrouwen&#8217;.<\/p>\n<p><strong>Winnaars legatenfonds 2024 bekend<\/strong><\/p>\n<p>Tijdens twee clubavonden werden in het voorjaar van 2024 de winnaars van de geldbedragen uit ons legatenfonds gekozen: Stichting <strong>ABCzetje<\/strong> ontving \u20ac 4.000 en <strong>Stichting JIJ en Stichting Kunst = Zinnig<\/strong> ontvingen \u20ac 1.000 en . <a href=\"https:\/\/www.soroptimist.nl\/rotterdam\/news-local\/stichting-abczetje-wint-e-4-000-uit-het-legatenfonds-van-club-rotterdam-2024\/\">Lees verder.<\/a><\/p>\n<p><strong>Clubavond februari 2024<\/strong><\/p>\n<p>We zijn verheugd dat we weer een nieuw lid hebben kunnen inaugureren: Anne Grootenboer. Vol enthousiasme is ze lid geworden. \u00a0Welkom Anne! Tijdens diezelfde clubavond was de <strong>Stichting Luistergoud<\/strong> bij ons te gast. Met het aanbieden van vormings- en trainingsmogelijkheden wil Luistergoud lokale initiatieven ondersteunen die verbindingen tussen mensen versterken.<\/p>\n<p><strong>Algemene leden vergadering januari 2024<\/strong><\/p>\n<p>In januari was onze bestuurswissel. Veel dank aan het bestuur 2022-2023. En uiteraard veel succes voor het bestuur 2024.<\/p>\n<p><strong>Kerstdiner 2023<\/strong><\/p>\n<p>Op 14 december 2023 hadden we weer een heerlijk kerstdiner bij het Ambachthuys.<\/p>\n<p><strong>Wilddiner, november 2023<\/strong><\/p>\n<p>Zoals elk jaar waren we weer te gast bij de horeca-opleiding GROOS! van het Albeda College voor een wilddiner. Leden en hun vrienden genoten van wild- en vegetarische herfstgerechten. De opbrengst van deze avond ging naar <strong>Stichting Filomena<\/strong>, h\u00e9t hulpinstituut bij huiselijk geweld en kinder\u00admishandeling in Rotterdam-Rijnmond.<\/p>\n<p><strong>Clubavond november 2023<br \/>\n<\/strong><\/p>\n<p>Tijdens de clubavond in november hield ons lid Renata Beijen een voordracht over <strong>vriendinnentafels in Botswana<\/strong>. Renata organiseert \u201cvriendinnentafels\u201d zowel in Nederland als in andere landen, waaronder in Botswana waar zij in april dit jaar is geweest. De missie is \u201cvrouwen helpen vrouwen vooruit\u201d. Vrouwen vertellen elkaar over hun dromen en helpen elkaar om stappen te zetten richting meer (economische) zelfredzaamheid.<\/p>\n<p><strong>Stemmen tellen (23 november 2023)<\/strong><\/p>\n<p>De dag na de Tweede Kamerverkiezingen gingen tien leden stemmen tellen in Ahoy. Dit leverde een heel mooi bedrag op dat we hebben geschonken aan <strong>Plan International<\/strong>. De donatie wordt gebruikt voor het kopen van geboortebewijzen. Zonder een geboortebewijs bestaan kinderen in feite niet! Alleen met dit belangrijke document hebben ze recht op gezondheidszorg, bescherming en kunnen ze naar school en examen doen. Jaarlijks worden 50 miljoen baby\u2019s niet geregistreerd bij hun geboorte. Kinderen zonder geboortebewijs staan in geen enkel overheidsregister. Voor politie en justitie is het daardoor onmogelijk deze kinderen te beschermen tegen misbruik, uitbuiting en andere misdaden. Met een geboortebewijs kunnen we meisjes beter ondersteunen in de strijd tegen kindhuwelijken, kinderarbeid en seksuele uitbuiting.<\/p>\n<p><strong>Clubavond oktober 2023<br \/>\n<\/strong><\/p>\n<p>Anne Grootenboer was deze avond onze gastspreker. Ze vertelde ons over haar bijzondere carri\u00e8reswitch van docent naar uitvaartondernemer. Daarnaast stonden we stil bij het overlijden van ons oud-clublid Heleen Boelen.<\/p>\n<p><strong>Orange the World 2023<br \/>\n<\/strong><\/p>\n<p>Orange the World, de wereldwijde campagne t\u00e9gen geweld tegen vrouwen en meisjes, werd in Rotterdam spetterend geopend door 2 wethouders en met diverse optredens. We organiseerden dit wederom samen met Soroptimistclub Rotterdam Schieland, Zontaclub Rotterdam, Zontaclub Rotterdam Aan de Maas en de gemeente Rotterdam. We vroegen aandacht voor het jaarthema <strong>\u2018Veilig-Overal-Altijd\u2019<\/strong> op scholen, met een marktkraam, de oranje verlichtte Erasmusbrug, lichtprojecties van het OtW-handje op de Path\u00e9-bioscoop, gebouwen en veel andere acties die mede mogelijk werden gemaakt door financiering van fondsen.<\/p>\n<p><strong>Pubquiz 2023<\/strong><\/p>\n<p>Dinsdag 5 september organiseerden we een pubquiz bij restaurant Mangiare. Onder bezielende leiding van een heuse pubquizmaster hebben we samen met veel vrienden in diverse teams ons gestort op moeilijke vragen, waarin de vrouw de hoofdrol speelde; van politiek tot muziek, van Katrien Duck tot de Venus van Milo. De opbrengst van deze avond doneerden we aan <strong>Stichting Boterhamsters<\/strong>. Ze maken met vrijwilligers elke dag gezonde boterhamboxen voor scholen waarvan leerlingen niet altijd toegang hebben tot gezond en lekker eten. Zo heeft ieder kind een gezonde start van zijn schooldag.<\/p>\n<p><strong>Clubavond september<\/strong><\/p>\n<p>Tijdens onze clubavond in september 2023 verwelkomden we een ons nieuwe lid Lydia Brewster. Na haar inauguratie verraste ze ons met een zeer mooi persoonlijk spoken word verhaal. Welkom Lydia! Ons clublid Josien van Cappelle nam ons vervolgens mee in de weg die ze aflegde van verkiezingen tot lid dagelijks bestuur van Hoogheemraadschap Schieland en Krimpenerwaard.<\/p>\n<p><strong>Beschermde Wiegkamer Rotterdam-Zuid<\/strong><\/p>\n<p>Met het legaat van ons overleden oud-clublid Annette Bierman hebben we als Club Rotterdam een bijdrage kunnen leveren aan de oprichting van de <strong>Beschermde Wiegkamer Rotterdam-Zuid<\/strong>, een samenwerking van Maasstad en Ikazia Ziekenhuis. De wiegkamer biedt een veilige plek aan radeloze zwangere vrouwen en hun baby\u2019s. Alle baby\u2019s verdienen een veilige start en deze vrouwen verdienen hulp. Ook als ze er voor kiezen om anoniem te blijven.<\/p>\n<p><strong>Gezamenlijke bijeenkomst \u00a02023<\/strong><\/p>\n<p>In augustus werden we uitgenodigd door Club Rotterdam-Schieland om samen met hun en Club Beneden Maas een bezoek te brengen aan de Kunsthal of het Nieuwe Instituut en het Huis Sonneveld en vervolgens samen te eten. Een zeer geslaagde middag en avond, waar we veel idee\u00ebn en tips hebben uitgewisseld.<\/p>\n<p><strong>Op zaterdag 29 augustus 2023<\/strong> organiseerde Soroptimistclub Rotterdam pop-up <strong>Theetuin de Zweth<\/strong>. Het was weer druk bezocht! In totaal is \u20ac 1.300 opgehaald met de theetuin en dit gaat naar Stichting Mano ter ondersteuning van vrouwen en meisjes in Rotterdam om te participeren en economisch zelfstandig te zijn. <a href=\"https:\/\/www.soroptimist.nl\/rotterdam\/news-local\/theetuin-de-zweth-brengt-e-625-op\/\">Lees meer<\/a><\/p>\n<p>&nbsp;<\/p>\n<p>&nbsp;<\/p>\n<div class=\"buttons\"><\/div><\/div>\t\t\t\t<\/div>\n\t\t\t<\/div>\n\t\t\t\t\t\t<div class=\"d-none d-md-block col-12 col-md-6 image-column shadow-primary wow fadeIn\" data-wow-duration=\"1.0s\" data-wow-delay=\"0s\" data-wow-offset=\"150\"  >\n\t\t\t\t\t\t\t<\/div>\n\t\t<\/div>\n\t<\/div>\n<\/section>\n\n\n\n<div style=\"height:50px\" aria-hidden=\"true\" class=\"wp-block-spacer\"><\/div>\n\n\n\n<div class=\"wp-block-columns is-layout-flex wp-container-core-columns-is-layout-9d6595d7 wp-block-columns-is-layout-flex\">\n<div class=\"wp-block-column is-layout-flow wp-block-column-is-layout-flow\" style=\"flex-basis:80%\">\n<p><strong>Het logo en de presidentsketen van club Rotterdam<\/strong><\/p>\n\n\n\n<figure class=\"wp-block-image size-large is-resized\"><img loading=\"lazy\" decoding=\"async\" width=\"282\" height=\"211\" src=\"https:\/\/www.soroptimist.nl\/rotterdam\/wp-content\/uploads\/sites\/64\/2020\/12\/rotterdam-clublogo-1.jpg__282x211_q85_crop_subsampling-2_upscale-1.jpg\" alt=\"\" class=\"wp-image-191\" style=\"width:300px;height:undefinedpx\" srcset=\"https:\/\/www.soroptimist.nl\/rotterdam\/wp-content\/uploads\/sites\/64\/2020\/12\/rotterdam-clublogo-1.jpg__282x211_q85_crop_subsampling-2_upscale-1.jpg 282w, https:\/\/www.soroptimist.nl\/rotterdam\/wp-content\/uploads\/sites\/64\/2020\/12\/rotterdam-clublogo-1.jpg__282x211_q85_crop_subsampling-2_upscale-1-200x150.jpg 200w\" sizes=\"auto, (max-width: 282px) 100vw, 282px\" \/><\/figure>\n\n\n\n<p>De penning van onze <strong>presidentsketen<\/strong> verbeeldt het clublogo. Dit is een weergave van het beeld &#8216;Verwoeste Stad&#8217; van Ossip Zadkine. Wij hebben toestemming van de erven Zadkine om dit beeldmerk te voeren. <\/p>\n\n\n\n<p>Er zijn twee exemplaren, \u00e9\u00e9n voor de president en \u00e9\u00e9n voor de vice-president.<\/p>\n\n\n\n<figure class=\"wp-block-image size-medium is-resized\"><img loading=\"lazy\" decoding=\"async\" width=\"225\" height=\"300\" src=\"https:\/\/www.soroptimist.nl\/rotterdam\/wp-content\/uploads\/sites\/64\/2021\/06\/Jan-van-Nouhuys-0244-225x300.jpg\" alt=\"\" class=\"wp-image-321\" style=\"width:300px;height:undefinedpx\" srcset=\"https:\/\/www.soroptimist.nl\/rotterdam\/wp-content\/uploads\/sites\/64\/2021\/06\/Jan-van-Nouhuys-0244-225x300.jpg 225w, https:\/\/www.soroptimist.nl\/rotterdam\/wp-content\/uploads\/sites\/64\/2021\/06\/Jan-van-Nouhuys-0244-768x1024.jpg 768w, https:\/\/www.soroptimist.nl\/rotterdam\/wp-content\/uploads\/sites\/64\/2021\/06\/Jan-van-Nouhuys-0244-1152x1536.jpg 1152w, https:\/\/www.soroptimist.nl\/rotterdam\/wp-content\/uploads\/sites\/64\/2021\/06\/Jan-van-Nouhuys-0244-1536x2048.jpg 1536w, https:\/\/www.soroptimist.nl\/rotterdam\/wp-content\/uploads\/sites\/64\/2021\/06\/Jan-van-Nouhuys-0244-150x200.jpg 150w, https:\/\/www.soroptimist.nl\/rotterdam\/wp-content\/uploads\/sites\/64\/2021\/06\/Jan-van-Nouhuys-0244-600x800.jpg 600w, https:\/\/www.soroptimist.nl\/rotterdam\/wp-content\/uploads\/sites\/64\/2021\/06\/Jan-van-Nouhuys-0244-1440x1920.jpg 1440w, https:\/\/www.soroptimist.nl\/rotterdam\/wp-content\/uploads\/sites\/64\/2021\/06\/Jan-van-Nouhuys-0244.jpg 1920w\" sizes=\"auto, (max-width: 225px) 100vw, 225px\" \/><\/figure>\n\n\n\n<p>De <strong>penning<\/strong> is gemaakt door edelsmid Jan van Nouhuys in Schoonhoven. De penning hangt aan een groep van zilveren kettingen, die op afstanden met elkaar zijn verbonden. Dit symboliseert de diversiteit en de samenhang binnen club Rotterdam. <\/p>\n\n\n\n<figure class=\"wp-block-image size-full is-resized\"><img loading=\"lazy\" decoding=\"async\" width=\"299\" height=\"482\" src=\"https:\/\/www.soroptimist.nl\/rotterdam\/wp-content\/uploads\/sites\/64\/2020\/12\/vaantje_club_rotterdam_mini.jpg__300x482_q85_subsampling-2_upscale.jpg\" alt=\"\" class=\"wp-image-192\" style=\"width:300px;height:510px\" srcset=\"https:\/\/www.soroptimist.nl\/rotterdam\/wp-content\/uploads\/sites\/64\/2020\/12\/vaantje_club_rotterdam_mini.jpg__300x482_q85_subsampling-2_upscale.jpg 299w, https:\/\/www.soroptimist.nl\/rotterdam\/wp-content\/uploads\/sites\/64\/2020\/12\/vaantje_club_rotterdam_mini.jpg__300x482_q85_subsampling-2_upscale-186x300.jpg 186w, https:\/\/www.soroptimist.nl\/rotterdam\/wp-content\/uploads\/sites\/64\/2020\/12\/vaantje_club_rotterdam_mini.jpg__300x482_q85_subsampling-2_upscale-124x200.jpg 124w\" sizes=\"auto, (max-width: 299px) 100vw, 299px\" \/><\/figure>\n\n\n\n<p><\/p>\n\n\n\n<p>Het <strong>clubvaantje<\/strong> is ontworpen door Tiel van der Plas, club Roosendaal. Zij combineerde het groen-wit-groen van de stad Rotterdam met het geel-blauw van Soroptimist International.<br><\/p>\n<\/div>\n\n\n\n<div class=\"wp-block-column is-layout-flow wp-block-column-is-layout-flow\" style=\"flex-basis:1%\"><\/div>\n<\/div>\n\n\n\n<div class=\"wp-block-cover alignfull is-light\"><span aria-hidden=\"true\" class=\"wp-block-cover__background has-background-dim-100 has-background-dim\" style=\"background-color:#ffc306\"><\/span><div class=\"wp-block-cover__inner-container is-layout-flow wp-block-cover-is-layout-flow\"><div class=\"wp-bootstrap-blocks-container container mb-2\">\n\t\n\n<a name=\"profiel\"><\/a>\n\n\n\n<div style=\"height:100px\" aria-hidden=\"true\" class=\"wp-block-spacer\"><\/div>\n\n\n\n<div class=\"wp-block-columns is-layout-flex wp-container-core-columns-is-layout-9d6595d7 wp-block-columns-is-layout-flex\">\n<div class=\"wp-block-column is-layout-flow wp-block-column-is-layout-flow\">\n<h2 class=\"wp-block-heading has-white-color has-text-color\">Soroptimistclub Rotterdam is als vierde Nederlandse club opgericht.<\/h2>\n\n\n\n<div style=\"height:50px\" aria-hidden=\"true\" class=\"wp-block-spacer\"><\/div>\n\n\n<div class=\"prode-cta\"><a href=\"https:\/\/www.soroptimist.nl\/lid-worden\/\">Lid worden?<\/a><\/div>\n<\/div>\n\n\n\n<div class=\"wp-block-column is-layout-flow wp-block-column-is-layout-flow\" style=\"flex-basis:5%\"><\/div>\n\n\n\n<div class=\"wp-block-column is-layout-flow wp-block-column-is-layout-flow\">\n<p class=\"has-black-color has-text-color\"><strong>Ons profiel<\/strong><\/p>\n\n\n\n<p class=\"has-black-color has-text-color\">Soroptimistclub Rotterdam is als vierde Nederlandse club opgericht. Het charter is op 22 maart 1930 uitgereikt door mevrouw E.W. [Welmoet] Wijnaendts Francken-Dyserinck. De club telt om en nabij de 40 leden, in leeftijd varierend van 35 tot 90 jaar. Er is een grote diversiteit aan beroepen.<\/p>\n\n\n\n<p class=\"has-black-color has-text-color\">Het bestuur voor het clubjaar 2024 bestaat uit:<\/p>\n\n\n\n<ul class=\"wp-block-list\">\n<li>Aim\u00e9e Tops, voorzitter<\/li>\n\n\n\n<li>Conny Stroet, vice-voorzitter<\/li>\n\n\n\n<li>Heleen Schoone, secretaris<\/li>\n\n\n\n<li>Anke Bosma, penningmeester<\/li>\n\n\n\n<li>Barbara Wegener Sleeswijk, assessor<\/li>\n<\/ul>\n<\/div>\n<\/div>\n\n<\/div>\n\n\n\n<div style=\"height:100px\" aria-hidden=\"true\" class=\"wp-block-spacer\"><\/div>\n\n\n\n<p class=\"has-text-align-center has-large-font-size\"><\/p>\n<\/div><\/div>\n\n\n\n<p><\/p>\n","protected":false},"excerpt":{"rendered":"<p>Het logo en de presidentsketen van club Rotterdam De penning van onze presidentsketen verbeeldt het clublogo. Dit is een weergave&#8230; <a href=\"https:\/\/www.soroptimist.nl\/rotterdam\/\" rel=\"bookmark\">lees meer<\/a><\/p>\n","protected":false},"author":2,"featured_media":0,"parent":0,"menu_order":0,"comment_status":"closed","ping_status":"closed","template":"","meta":{"_acf_changed":false,"inline_featured_image":false,"_coblocks_attr":"","_coblocks_dimensions":"","_coblocks_responsive_height":"","_coblocks_accordion_ie_support":"","footnotes":""},"class_list":["post-5","page","type-page","status-publish","hentry"],"acf":[],"_links":{"self":[{"href":"https:\/\/www.soroptimist.nl\/rotterdam\/wp-json\/wp\/v2\/pages\/5","targetHints":{"allow":["GET"]}}],"collection":[{"href":"https:\/\/www.soroptimist.nl\/rotterdam\/wp-json\/wp\/v2\/pages"}],"about":[{"href":"https:\/\/www.soroptimist.nl\/rotterdam\/wp-json\/wp\/v2\/types\/page"}],"author":[{"embeddable":true,"href":"https:\/\/www.soroptimist.nl\/rotterdam\/wp-json\/wp\/v2\/users\/2"}],"replies":[{"embeddable":true,"href":"https:\/\/www.soroptimist.nl\/rotterdam\/wp-json\/wp\/v2\/comments?post=5"}],"version-history":[{"count":145,"href":"https:\/\/www.soroptimist.nl\/rotterdam\/wp-json\/wp\/v2\/pages\/5\/revisions"}],"predecessor-version":[{"id":1165,"href":"https:\/\/www.soroptimist.nl\/rotterdam\/wp-json\/wp\/v2\/pages\/5\/revisions\/1165"}],"wp:attachment":[{"href":"https:\/\/www.soroptimist.nl\/rotterdam\/wp-json\/wp\/v2\/media?parent=5"}],"curies":[{"name":"wp","href":"https:\/\/api.w.org\/{rel}","templated":true}]}}