{"id":5,"date":"2023-11-20T15:27:33","date_gmt":"2023-11-20T14:27:33","guid":{"rendered":"https:\/\/www.soroptimist.nl\/schouwen-duiveland\/?page_id=5"},"modified":"2026-02-20T13:56:03","modified_gmt":"2026-02-20T12:56:03","slug":"home","status":"publish","type":"page","link":"https:\/\/www.soroptimist.nl\/schouwen-duiveland\/","title":{"rendered":"Home"},"content":{"rendered":"<header id=\"page-header-block_184ac72f183f356e9c15a2f9c77531fc\" class=\"wp-block-page-header alignfull bg-yellow alignfull\">\n\t<div class=\"content container\">\n\t\t\t\t<div class=\"holder\">\n\t\t\t<div class=\"col-12 col-md-8\">\n\n\t\t\t\t<h2>Soroptimistclub Schouwen Duiveland: \r\na global voice for women<\/h2>\n\t\t\t\t<a class=\"page-header-button btn yellow-btn icon-btn p-mt-2\" href=\"#profiel\" target=\"_self\">Ons profiel<\/a><a class=\"page-header-button btn blue-btn icon-btn p-mt-2\" href=\"https:\/\/www.soroptimist.nl\/schouwen-duiveland\/projecten\/\" target=\"_self\">Onze projecten<\/a><a class=\"page-header-button btn black-btn icon-btn p-mt-2\" href=\"https:\/\/www.soroptimist.nl\/schouwen-duiveland\/nieuws\/\" target=\"_self\">Ons nieuws<\/a>\t\t\t<\/div>\n\t\t<\/div>\n\t<\/div>\n<\/header>\n\n\n\n\n<section id=\"text-with-image-block_93ea6fb6890fc9d3adba97315ad59b70\" class=\"wp-block-text-with-image alignfull  alignfull\">\n\t<div class=\"container\">\n\t\t<div class=\"row position-relative default-order\">\n\t\t\t<div class=\"col-12 col-md-6 text-column\">\n\t\t\t\t<div class=\"text  \">\n\t\t\t\t\t<h2 class=\"text-with-image-title title-color-primary\">Wij zijn Soroptimistclub Schouwen-Duiveland<\/h2><div class=\"text-with-image-content\"><p><img loading=\"lazy\" decoding=\"async\" class=\"alignnone size-medium wp-image-587 aligncenter\" src=\"https:\/\/www.soroptimist.nl\/schouwen-duiveland\/wp-content\/uploads\/sites\/94\/2025\/11\/IMG_3748-scaled-e1763561140229-300x157.jpeg\" alt=\"\" width=\"300\" height=\"157\" srcset=\"https:\/\/www.soroptimist.nl\/schouwen-duiveland\/wp-content\/uploads\/sites\/94\/2025\/11\/IMG_3748-scaled-e1763561140229-300x157.jpeg 300w, https:\/\/www.soroptimist.nl\/schouwen-duiveland\/wp-content\/uploads\/sites\/94\/2025\/11\/IMG_3748-scaled-e1763561140229-768x403.jpeg 768w, https:\/\/www.soroptimist.nl\/schouwen-duiveland\/wp-content\/uploads\/sites\/94\/2025\/11\/IMG_3748-scaled-e1763561140229-1024x538.jpeg 1024w, https:\/\/www.soroptimist.nl\/schouwen-duiveland\/wp-content\/uploads\/sites\/94\/2025\/11\/IMG_3748-scaled-e1763561140229-1536x806.jpeg 1536w, https:\/\/www.soroptimist.nl\/schouwen-duiveland\/wp-content\/uploads\/sites\/94\/2025\/11\/IMG_3748-scaled-e1763561140229-2048x1075.jpeg 2048w, https:\/\/www.soroptimist.nl\/schouwen-duiveland\/wp-content\/uploads\/sites\/94\/2025\/11\/IMG_3748-scaled-e1763561140229-200x105.jpeg 200w, https:\/\/www.soroptimist.nl\/schouwen-duiveland\/wp-content\/uploads\/sites\/94\/2025\/11\/IMG_3748-scaled-e1763561140229-800x420.jpeg 800w, https:\/\/www.soroptimist.nl\/schouwen-duiveland\/wp-content\/uploads\/sites\/94\/2025\/11\/IMG_3748-scaled-e1763561140229-1920x1008.jpeg 1920w\" sizes=\"auto, (max-width: 300px) 100vw, 300px\" \/><\/p>\n<p>Onze club telt 25 leden van verschillende beroepsgroepen. Wij komen maandelijks bij elkaar, organiseren fondsenwervende acties en ondersteunen projecten.<\/p>\n<p>Onze club is onderdeel van de wereldwijde organisatie Soroptimist International met rond de 70.000 leden in meer dan 100 landen.<\/p>\n<p>Wij zetten ons in om de rechten, de positie en het leven van meisjes en vrouwen te verbeteren. Klik op de buttons om meer te lezen over onze acties, onze activiteiten en over de projecten die we ondersteunen.<\/p>\n<div class=\"buttons\"><a class=\"text-with-image-button btn yellow-btn icon-btn p-mt-2\" href=\"mailto:schouwenduiveland@soroptimist.nl\" target=\"_blank\">Contact opnemen<\/a><\/div><\/div>\t\t\t\t<\/div>\n\t\t\t<\/div>\n\t\t\t\t\t\t<div class=\"d-none d-md-block col-12 col-md-6 image-column shadow-primary wow fadeIn\" data-wow-duration=\"1.0s\" data-wow-delay=\"0s\" data-wow-offset=\"150\"  style=\"background-image: url(https:\/\/www.soroptimist.nl\/schouwen-duiveland\/wp-content\/uploads\/sites\/94\/2023\/10\/handje-otw.jpg); background-repeat: no-repeat; background-size: cover; background-color: #fff;\" >\n\t\t\t\t\t\t\t<\/div>\n\t\t<\/div>\n\t<\/div>\n<\/section>\n\n\n\n<p><strong>Wie zijn wij?<\/strong><br>Wij zijn enthousiaste <strong>vakvrouwen<\/strong>&nbsp;die naast hun dagelijkse werkzaamheden de handen ineen slaan en samen werken aan activiteiten of projecten om geld in te zamelen voor de doelen die wij belangrijk vinden. Wij willen bijdragen aan het verbeteren van de rechten, de positie en het leven van vrouwen en meisjes.<\/p>\n\n\n\n<p><strong>Onze bijeenkomsten<\/strong><br>Wij eten eens per maand samen in Grand Caf\u00e9 De Werf in Zierikzee. We hebben dan een avondprogramma, verzorgd door \u00e9\u00e9n van onze leden of een gastspreker.&nbsp;<\/p>\n\n\n\n<div class=\"wp-block-columns alignwide is-layout-flex wp-container-core-columns-is-layout-9d6595d7 wp-block-columns-is-layout-flex\">\n<div class=\"wp-block-column is-vertically-aligned-top is-layout-flow wp-block-column-is-layout-flow\" id=\"wiezijnwij\">\n<p><strong>Jaarthema \u2018Empowerment\u2019<\/strong> <br>In clubjaar 2026 is het thema \u2018Empowerment\u2019. Dit thema vormt bij onze activiteiten de rode draad. Ieder van de leden is actief in \u00e9\u00e9n van onze commissies, waarmee we ons jaarprogramma invullen.<\/p>\n\n\n\n<p><strong>Ons bestuur in 2026<\/strong><br>Debora de Bruijne, voorzitter<br>Rosita van den Berg, secretaris<br>Wietske Heerebout, penningmeester<br>Britta Koopen, algemeen bestuurslid<\/p>\n<\/div>\n\n\n\n<div class=\"wp-block-column is-layout-flow wp-block-column-is-layout-flow\">\n<p><strong>Belangrijke data voor de Sorren<\/strong><\/p>\n\n\n\n<ul id=\"block-d9109dad-bd97-4346-8715-d9d120f6f39e\" class=\"wp-block-list\">\n<li>8 maart: Internationale Vrouwendag<\/li>\n\n\n\n<li>25 november: start&nbsp;<a href=\"https:\/\/www.orangetheworld.nl\" target=\"_blank\" rel=\"noreferrer noopener\">Orange the World<\/a><\/li>\n\n\n\n<li>10 december: Dag van de Mensenrechten<\/li>\n<\/ul>\n\n\n\n<p><strong>Extra activiteiten<\/strong> organiseren we voor onze leden in de zomer en winter. Denk aan een wandeling met een lunch, een high-tea of een barbecue.<\/p>\n\n\n\n<p><strong>Zeeuwse Sorren<\/strong><br>Een keer per jaar is er een gezamenlijke bijeenkomst met onze zusterclubs in Zeeland.<\/p>\n\n\n\n<p><strong>Friendshiplink<\/strong><br>Sinds vele jaren hebben wij een Friendshiplink met zusterclub&nbsp;<a href=\"http:\/\/www.soroptimist.be\/index.php?act=clubs&amp;clubid=19&amp;page=home\">&#8220;De zes rozen&#8221;&nbsp;<\/a>in Antwerpen.<\/p>\n\n\n\n<p>In <strong>2026<\/strong> bestaan we <strong>68<\/strong> jaar!<\/p>\n\n\n\n<p><strong>Volg ons op<\/strong><\/p>\n\n\n\n<ul class=\"wp-block-social-links alignleft has-large-icon-size is-content-justification-right is-layout-flex wp-container-core-social-links-is-layout-765c4724 wp-block-social-links-is-layout-flex\"><li class=\"wp-social-link wp-social-link-linkedin  wp-block-social-link\"><a href=\"https:\/\/www.linkedin.com\/company\/soroptimistclub-schouwen-duiveland\" class=\"wp-block-social-link-anchor\"><svg width=\"24\" height=\"24\" viewBox=\"0 0 24 24\" version=\"1.1\" xmlns=\"http:\/\/www.w3.org\/2000\/svg\" aria-hidden=\"true\" focusable=\"false\"><path d=\"M19.7,3H4.3C3.582,3,3,3.582,3,4.3v15.4C3,20.418,3.582,21,4.3,21h15.4c0.718,0,1.3-0.582,1.3-1.3V4.3 C21,3.582,20.418,3,19.7,3z M8.339,18.338H5.667v-8.59h2.672V18.338z M7.004,8.574c-0.857,0-1.549-0.694-1.549-1.548 c0-0.855,0.691-1.548,1.549-1.548c0.854,0,1.547,0.694,1.547,1.548C8.551,7.881,7.858,8.574,7.004,8.574z M18.339,18.338h-2.669 v-4.177c0-0.996-0.017-2.278-1.387-2.278c-1.389,0-1.601,1.086-1.601,2.206v4.249h-2.667v-8.59h2.559v1.174h0.037 c0.356-0.675,1.227-1.387,2.526-1.387c2.703,0,3.203,1.779,3.203,4.092V18.338z\"><\/path><\/svg><span class=\"wp-block-social-link-label screen-reader-text\">LinkedIn<\/span><\/a><\/li>\n\n<li class=\"wp-social-link wp-social-link-instagram  wp-block-social-link\"><a href=\"https:\/\/instagram.com\/soroptimist_schouwenduiveland?igshid=MmVlMjlkMTBhMg==\" class=\"wp-block-social-link-anchor\"><svg width=\"24\" height=\"24\" viewBox=\"0 0 24 24\" version=\"1.1\" xmlns=\"http:\/\/www.w3.org\/2000\/svg\" aria-hidden=\"true\" focusable=\"false\"><path d=\"M12,4.622c2.403,0,2.688,0.009,3.637,0.052c0.877,0.04,1.354,0.187,1.671,0.31c0.42,0.163,0.72,0.358,1.035,0.673 c0.315,0.315,0.51,0.615,0.673,1.035c0.123,0.317,0.27,0.794,0.31,1.671c0.043,0.949,0.052,1.234,0.052,3.637 s-0.009,2.688-0.052,3.637c-0.04,0.877-0.187,1.354-0.31,1.671c-0.163,0.42-0.358,0.72-0.673,1.035 c-0.315,0.315-0.615,0.51-1.035,0.673c-0.317,0.123-0.794,0.27-1.671,0.31c-0.949,0.043-1.233,0.052-3.637,0.052 s-2.688-0.009-3.637-0.052c-0.877-0.04-1.354-0.187-1.671-0.31c-0.42-0.163-0.72-0.358-1.035-0.673 c-0.315-0.315-0.51-0.615-0.673-1.035c-0.123-0.317-0.27-0.794-0.31-1.671C4.631,14.688,4.622,14.403,4.622,12 s0.009-2.688,0.052-3.637c0.04-0.877,0.187-1.354,0.31-1.671c0.163-0.42,0.358-0.72,0.673-1.035 c0.315-0.315,0.615-0.51,1.035-0.673c0.317-0.123,0.794-0.27,1.671-0.31C9.312,4.631,9.597,4.622,12,4.622 M12,3 C9.556,3,9.249,3.01,8.289,3.054C7.331,3.098,6.677,3.25,6.105,3.472C5.513,3.702,5.011,4.01,4.511,4.511 c-0.5,0.5-0.808,1.002-1.038,1.594C3.25,6.677,3.098,7.331,3.054,8.289C3.01,9.249,3,9.556,3,12c0,2.444,0.01,2.751,0.054,3.711 c0.044,0.958,0.196,1.612,0.418,2.185c0.23,0.592,0.538,1.094,1.038,1.594c0.5,0.5,1.002,0.808,1.594,1.038 c0.572,0.222,1.227,0.375,2.185,0.418C9.249,20.99,9.556,21,12,21s2.751-0.01,3.711-0.054c0.958-0.044,1.612-0.196,2.185-0.418 c0.592-0.23,1.094-0.538,1.594-1.038c0.5-0.5,0.808-1.002,1.038-1.594c0.222-0.572,0.375-1.227,0.418-2.185 C20.99,14.751,21,14.444,21,12s-0.01-2.751-0.054-3.711c-0.044-0.958-0.196-1.612-0.418-2.185c-0.23-0.592-0.538-1.094-1.038-1.594 c-0.5-0.5-1.002-0.808-1.594-1.038c-0.572-0.222-1.227-0.375-2.185-0.418C14.751,3.01,14.444,3,12,3L12,3z M12,7.378 c-2.552,0-4.622,2.069-4.622,4.622S9.448,16.622,12,16.622s4.622-2.069,4.622-4.622S14.552,7.378,12,7.378z M12,15 c-1.657,0-3-1.343-3-3s1.343-3,3-3s3,1.343,3,3S13.657,15,12,15z M16.804,6.116c-0.596,0-1.08,0.484-1.08,1.08 s0.484,1.08,1.08,1.08c0.596,0,1.08-0.484,1.08-1.08S17.401,6.116,16.804,6.116z\"><\/path><\/svg><span class=\"wp-block-social-link-label screen-reader-text\">Instagram<\/span><\/a><\/li>\n\n<li class=\"wp-social-link wp-social-link-facebook  wp-block-social-link\"><a href=\"https:\/\/www.facebook.com\/SoroptimistclubSchouwenDuiveland\" class=\"wp-block-social-link-anchor\"><svg width=\"24\" height=\"24\" viewBox=\"0 0 24 24\" version=\"1.1\" xmlns=\"http:\/\/www.w3.org\/2000\/svg\" aria-hidden=\"true\" focusable=\"false\"><path d=\"M12 2C6.5 2 2 6.5 2 12c0 5 3.7 9.1 8.4 9.9v-7H7.9V12h2.5V9.8c0-2.5 1.5-3.9 3.8-3.9 1.1 0 2.2.2 2.2.2v2.5h-1.3c-1.2 0-1.6.8-1.6 1.6V12h2.8l-.4 2.9h-2.3v7C18.3 21.1 22 17 22 12c0-5.5-4.5-10-10-10z\"><\/path><\/svg><span class=\"wp-block-social-link-label screen-reader-text\">Facebook<\/span><\/a><\/li><\/ul>\n<\/div>\n\n\n\n<div class=\"wp-block-column is-layout-flow wp-block-column-is-layout-flow\" style=\"flex-basis:5%\"><\/div>\n<\/div>\n\n\n\n<div class=\"wp-block-cover alignfull is-light\"><span aria-hidden=\"true\" class=\"wp-block-cover__background has-background-dim-100 has-background-dim\" style=\"background-color:#ffc306\"><\/span><div class=\"wp-block-cover__inner-container is-layout-flow wp-block-cover-is-layout-flow\"><div class=\"wp-bootstrap-blocks-container container mb-2\">\n\t\n\n<a name=\"profiel\"><\/a>\n\n\n\n<div class=\"wp-block-columns is-layout-flex wp-container-core-columns-is-layout-9d6595d7 wp-block-columns-is-layout-flex\">\n<div class=\"wp-block-column is-layout-flow wp-block-column-is-layout-flow\">\n<h2 class=\"wp-block-heading has-white-color has-text-color\">Onze missie is dat wij graag willen bijdragen aan de (werelwijde) verbetering van de positie van vrouwen en meisjes.<\/h2>\n\n\n\n<div style=\"height:50px\" aria-hidden=\"true\" class=\"wp-block-spacer\"><\/div>\n\n\n<div class=\"prode-cta\"><a href=\"https:\/\/www.soroptimist.nl\/lid-worden\/\">Lid worden?<\/a><\/div>\n<\/div>\n\n\n\n<div class=\"wp-block-column is-layout-flow wp-block-column-is-layout-flow\" style=\"flex-basis:5%\"><\/div>\n\n\n\n<div class=\"wp-block-column is-layout-flow wp-block-column-is-layout-flow\">\n<p class=\"has-black-color has-text-color\"><strong>Ons profiel<\/strong><\/p>\n\n\n\n<p class=\"has-black-color has-text-color\"><strong>Onze club<\/strong> kent een grote diversiteit in achtergrond, beroep en leeftijd. Enthousiaste&nbsp;<strong>vrouwen<\/strong>&nbsp;die naast hun dagelijkse werkzaamheden de handen ineen slaan en samen werken aan activiteiten of projecten om geld in te zamelen voor de doelen die wij belangrijk vinden.<\/p>\n\n\n\n<p class=\"has-black-color has-text-color\"><strong>Onze missie<\/strong> is dat wij graag willen bijdragen aan de (werelwijde) verbetering van de positie van vrouwen en meisjes.<\/p>\n\n\n\n<p class=\"has-black-color has-text-color\"><\/p>\n<\/div>\n<\/div>\n\n<\/div>\n\n\n\n<p class=\"has-text-align-center has-large-font-size\"><\/p>\n<\/div><\/div>\n\n\n\n<p><\/p>\n","protected":false},"excerpt":{"rendered":"<p>Wie zijn wij?Wij zijn enthousiaste vakvrouwen&nbsp;die naast hun dagelijkse werkzaamheden de handen ineen slaan en samen werken aan activiteiten of&#8230; <a href=\"https:\/\/www.soroptimist.nl\/schouwen-duiveland\/\" rel=\"bookmark\">lees meer<\/a><\/p>\n","protected":false},"author":2,"featured_media":0,"parent":0,"menu_order":0,"comment_status":"closed","ping_status":"closed","template":"","meta":{"_acf_changed":false,"inline_featured_image":false,"_coblocks_attr":"","_coblocks_dimensions":"","_coblocks_responsive_height":"","_coblocks_accordion_ie_support":"","footnotes":""},"class_list":["post-5","page","type-page","status-publish","hentry"],"acf":[],"_links":{"self":[{"href":"https:\/\/www.soroptimist.nl\/schouwen-duiveland\/wp-json\/wp\/v2\/pages\/5","targetHints":{"allow":["GET"]}}],"collection":[{"href":"https:\/\/www.soroptimist.nl\/schouwen-duiveland\/wp-json\/wp\/v2\/pages"}],"about":[{"href":"https:\/\/www.soroptimist.nl\/schouwen-duiveland\/wp-json\/wp\/v2\/types\/page"}],"author":[{"embeddable":true,"href":"https:\/\/www.soroptimist.nl\/schouwen-duiveland\/wp-json\/wp\/v2\/users\/2"}],"replies":[{"embeddable":true,"href":"https:\/\/www.soroptimist.nl\/schouwen-duiveland\/wp-json\/wp\/v2\/comments?post=5"}],"version-history":[{"count":83,"href":"https:\/\/www.soroptimist.nl\/schouwen-duiveland\/wp-json\/wp\/v2\/pages\/5\/revisions"}],"predecessor-version":[{"id":638,"href":"https:\/\/www.soroptimist.nl\/schouwen-duiveland\/wp-json\/wp\/v2\/pages\/5\/revisions\/638"}],"wp:attachment":[{"href":"https:\/\/www.soroptimist.nl\/schouwen-duiveland\/wp-json\/wp\/v2\/media?parent=5"}],"curies":[{"name":"wp","href":"https:\/\/api.w.org\/{rel}","templated":true}]}}