{"id":5,"date":"2020-11-05T18:51:56","date_gmt":"2020-11-03T19:30:28","guid":{"rendered":"https:\/\/www.soroptimist.nl\/zwolle\/?page_id=5"},"modified":"2026-01-19T13:46:26","modified_gmt":"2026-01-19T12:46:26","slug":"home","status":"publish","type":"page","link":"https:\/\/www.soroptimist.nl\/zwolle\/","title":{"rendered":"Home"},"content":{"rendered":"<header id=\"page-header-block_5827786183fb210c72039dcc5788a512\" class=\"wp-block-page-header alignfull bg-yellow alignfull\">\n\t<div class=\"content container\">\n\t\t\t\t<div class=\"holder\">\n\t\t\t<div class=\"col-12 col-md-8\">\n\n\t\t\t\t<h2><h1>Van harte welkom bij Soroptimistclub Zwolle<\/h1><\/h2>\n\t\t\t\t<a class=\"page-header-button btn yellow-btn icon-btn p-mt-2\" href=\"https:\/\/www.soroptimist.nl\/zwolle\/acties-alle\/\" target=\"_self\">Onze acties<\/a><a class=\"page-header-button btn blue-btn icon-btn p-mt-2\" href=\"https:\/\/www.soroptimist.nl\/zwolle\/projecten\/\" target=\"_self\">Onze projecten<\/a><a class=\"page-header-button btn black-btn icon-btn p-mt-2\" href=\"https:\/\/www.soroptimist.nl\/zwolle\/nieuws\/\" target=\"_self\">Ons nieuws<\/a>\t\t\t<\/div>\n\t\t<\/div>\n\t<\/div>\n<\/header>\n\n\n\n\n<section id=\"text-with-image-block_b514158287389a0bbf0c8d77662aafff\" class=\"wp-block-text-with-image  alignfull\">\n\t<div class=\"container\">\n\t\t<div class=\"row position-relative default-order\">\n\t\t\t<div class=\"col-12 col-md-6 text-column\">\n\t\t\t\t<div class=\"text  \">\n\t\t\t\t\t<h2 class=\"text-with-image-title title-color-primary\">Wie zijn wij?<\/h2><div class=\"text-with-image-content\"><p>Soroptimisclub Zwolle: voor vrouwen, door vrouwen, met vrouwen. Soroptimisten zijn zusters, Sorores, die het beste, het optimale, nastreven. Wij onderschrijven de doelstellingen zoals die door Soroptimist International zijn geformuleerd nl.: Educate, Empower and Enable. Onze doelstelling is om vrouwen en meisjes over de gehele wereld te helpen om hun positie te verbeteren en hen betere kansen te geven op een succesvolle toekomst.<\/p><\/p>\n<div class=\"buttons\"><a class=\"text-with-image-button btn yellow-btn icon-btn p-mt-2\" href=\"mailto:zwolle@soroptimist.nl\" target=\"_self\">Contact opnemen<\/a><\/div><\/div>\t\t\t\t<\/div>\n\t\t\t<\/div>\n\t\t\t\t\t\t<div class=\"d-none d-md-block col-12 col-md-6 image-column shadow-primary wow fadeIn\" data-wow-duration=\"1.0s\" data-wow-delay=\"0s\" data-wow-offset=\"150\"  style=\"background-image: url(https:\/\/www.soroptimist.nl\/zwolle\/wp-content\/uploads\/sites\/23\/2021\/05\/IMG_5311-1-scaled.jpeg); background-repeat: no-repeat; background-size: cover; background-color: #fff;\" >\n\t\t\t\t\t\t\t<\/div>\n\t\t<\/div>\n\t<\/div>\n<\/section>\n\n\n\n<div style=\"height:50px\" aria-hidden=\"true\" class=\"wp-block-spacer\"><\/div>\n\n\n\n<div class=\"wp-block-columns is-layout-flex wp-container-core-columns-is-layout-9d6595d7 wp-block-columns-is-layout-flex\">\n<div class=\"wp-block-column is-layout-flow wp-block-column-is-layout-flow\">\n<h2 class=\"wp-block-heading\">Internationale Missie 2011-2030 &#8211; Educate to Lead:<\/h2>\n\n\n\n<p>Soroptimisten willen de levensomstandigheden en de status van vrouwen en meisjes verbeteren door middel van onderwijs en economische en politieke versterking. Het internationale thema van 2011-2030 luidt dan ook: &#8220;Empowerment of Women through Education and Leadership&#8221;.<\/p>\n\n\n\n<p>Wij, als leden van Club Zwolle hechten veel waarde aan:<\/p>\n\n\n\n<ul class=\"wp-block-list\">\n<li>het samenwerken aan projecten voor vrouwen en kinderen die in minder gunstige omstandigheden verkeren<\/li>\n\n\n\n<li>diversiteit van onze leden, zowel in beroep, leeftijd als achtergrond<\/li>\n\n\n\n<li>het delen en gebruik maken van elkaars kennis en expertise<\/li>\n\n\n\n<li>verbinding van de leden onderling, lokaal, regionaal en internationaal<\/li>\n<\/ul>\n<\/div>\n\n\n\n<div class=\"wp-block-column is-layout-flow wp-block-column-is-layout-flow\" style=\"flex-basis:5%\"><\/div>\n\n\n\n<div class=\"wp-block-column is-layout-flow wp-block-column-is-layout-flow\">\n<h2 class=\"wp-block-heading\">Projecten<\/h2>\n\n\n\n<p>Het beheer van onze fondsenwerving ten behoeve van de projecten wordt uitgevoerd door onze stichting: \u2018Stichting Projectenbank Soroptimistclub Zwolle\u2019. Deze is in 2003 opgericht en heeft een ANBI-status, RSIN 816090464.<\/p>\n\n\n\n<figure class=\"wp-block-image size-full\"><img loading=\"lazy\" decoding=\"async\" width=\"334\" height=\"151\" src=\"https:\/\/www.soroptimist.nl\/zwolle\/wp-content\/uploads\/sites\/23\/2021\/05\/Unknown.jpeg\" alt=\"\" class=\"wp-image-464\" srcset=\"https:\/\/www.soroptimist.nl\/zwolle\/wp-content\/uploads\/sites\/23\/2021\/05\/Unknown.jpeg 334w, https:\/\/www.soroptimist.nl\/zwolle\/wp-content\/uploads\/sites\/23\/2021\/05\/Unknown-300x136.jpeg 300w, https:\/\/www.soroptimist.nl\/zwolle\/wp-content\/uploads\/sites\/23\/2021\/05\/Unknown-200x90.jpeg 200w\" sizes=\"auto, (max-width: 334px) 100vw, 334px\" \/><\/figure>\n\n\n\n<p class=\"has-small-font-size\">In bijgaande documenten treft informatie aan over bestuur en de financi\u00eble jaarverslagen.<\/p>\n\n\n<div class=\"wp-bootstrap-blocks-button\">\n\t<a\n\t\thref=\"https:\/\/www.soroptimist.nl\/zwolle\/wp-content\/uploads\/sites\/23\/2021\/05\/ANBI-Club-Zwolle2024-2.pdf\"\n\t\t\t\t\ttarget=\"_blank\"\n\t\t\t\t\t\t\trel=\"noreferrer noopener\"\n\t\t\t\tclass=\"btn btn-secondary\"\n\t>\n\t\tVerantwoording ANBI\t<\/a>\n<\/div>\n\n\n\n<p>Wij steunen lokale, nationale en\/of internationale projecten. De projecten die buiten Nederland plaatsvinden worden geselecteerd in landen en steden waar Soroptimistclubs aanwezig zijn of waar anderszins toezicht is op de besteding van de financi\u00eble bijdragen. Op deze wijze wordt geborgd dat de gelden worden ingezet conform de afspraken met onze leden. <\/p>\n\n\n<div class=\"wp-bootstrap-blocks-row row\">\n\t\n\n<div class=\"col-12 col-md-12\">\n\t\t\t\n<div class=\"wp-bootstrap-blocks-button\">\n\t<a\n\t\thref=\"https:\/\/www.soroptimist.nl\/zwolle\/wp-content\/uploads\/sites\/23\/2021\/05\/financien-SPS-2024-3.xlsx\"\n\t\t\t\t\ttarget=\"_blank\"\n\t\t\t\t\t\t\trel=\"noreferrer noopener\"\n\t\t\t\tclass=\"btn btn-secondary\"\n\t>\n\t\tFinancieel overzicht\t<\/a>\n<\/div>\n\n\t<\/div>\n\n<\/div>\n\n\n\n<p>Projecten worden voor een of meerdere jaren gekozen. Samen dragen we verantwoordelijkheid voor het werven van fondsen.<\/p>\n<\/div>\n<\/div>\n\n\n\n<div class=\"wp-block-cover alignfull is-light\"><span aria-hidden=\"true\" class=\"wp-block-cover__background has-background-dim-100 has-background-dim\" style=\"background-color:#ffc306\"><\/span><div class=\"wp-block-cover__inner-container is-layout-flow wp-block-cover-is-layout-flow\">\n<p class=\"has-text-align-center has-large-font-size\">Ons Profiel<\/p>\n\n\n<div class=\"wp-bootstrap-blocks-container container mb-2\">\n\t\n\n<a name=\"profiel\"><\/a>\n\n\n\n<div style=\"height:100px\" aria-hidden=\"true\" class=\"wp-block-spacer\"><\/div>\n\n\n\n<div class=\"wp-block-columns is-layout-flex wp-container-core-columns-is-layout-9d6595d7 wp-block-columns-is-layout-flex\">\n<div class=\"wp-block-column is-layout-flow wp-block-column-is-layout-flow\">\n<h2 class=\"wp-block-heading has-white-color has-text-color\">Onze leden kennen een grote diversiteit in achtergrond qua werk en studie, maar zijn allemaal op hun eigen wijze ambitieus.<\/h2>\n\n\n\n<div style=\"height:50px\" aria-hidden=\"true\" class=\"wp-block-spacer\"><\/div>\n\n\n<div class=\"prode-cta\"><a href=\"https:\/\/www.soroptimist.nl\/lid-worden\/\">Lid worden?<\/a><\/div>\n<\/div>\n\n\n\n<div class=\"wp-block-column is-layout-flow wp-block-column-is-layout-flow\" style=\"flex-basis:5%\"><\/div>\n\n\n\n<div class=\"wp-block-column is-layout-flow wp-block-column-is-layout-flow\">\n<p class=\"has-black-color has-text-color\">Soroptimistclub Zwolle telt 35&nbsp;actieve leden uit Zwolle en omgeving. De leden kennen een grote diversiteit in achtergrond qua werk en studie maar zijn allemaal op hun eigen wijze&nbsp;ambitieus&nbsp;in hun werk en staan midden in de samenleving. De charter is uitgereikt op 26 september 1936 door N.C.A. van Dobben, Nederland.Trots&nbsp;zijn wij op het&nbsp;lidmaatschap van Mariet Verhoef-Cohen, president van onze internationale organisatie van 2018 tot 2020.&nbsp;<\/p>\n\n\n\n<p class=\"has-black-color has-text-color\"><strong>Bestuur 2026 bestaat uit:<\/strong><br>Presidente: Ingrid Blaauw<br>Vice-Presidente: Ineke Jumelet<br>Penningmeester: Pauline Tjoelker<br>Secretaris: Cora Ritmeijer<br>Assessorsecretaris: Marja Honing<\/p>\n\n\n\n<p class=\"has-black-color has-text-color\"><strong>Jaarthema<\/strong><br>Het jaarthema 2026 is &#8220;Veiligheid&#8221;<\/p>\n\n\n\n<p class=\"has-black-color has-text-color\"><strong>Friendshiplinks <\/strong><br>Onze club onderhoudt Friendshiplinks met clubs uit Hannover in Duitsland, Horsens in Denemarken, Timisoara in Roemeni\u00eb en Taunton en Worcester &amp; District in Engeland. We ontmoeten elkaar met name tijdens lustra of bijzondere activiteiten van de clubs en houden elkaar op de hoogte van geplande activiteiten. <\/p>\n<\/div>\n<\/div>\n\n<\/div>\n<\/div><\/div>\n\n\n\n<div style=\"height:100px\" aria-hidden=\"true\" class=\"wp-block-spacer\"><\/div>\n\n\n\n<div class=\"wp-block-columns is-layout-flex wp-container-core-columns-is-layout-9d6595d7 wp-block-columns-is-layout-flex\">\n<div class=\"wp-block-column is-layout-flow wp-block-column-is-layout-flow\">\n<h2 class=\"wp-block-heading\">Clubavonden<\/h2>\n\n\n\n<p>Onze maandelijkse clubavonden zijn inspirerend en vari\u00ebren van het uitnodigen van een gastspreker, een lezing door \u00e9\u00e9n van de leden of een excursie naar \u00e9\u00e9n van de beroepsgebieden. Wij ontmoeten elkaar iedere tweede woensdag van de maand bij brasserie Stolte.92&nbsp;te Zwolle.<\/p>\n\n\n\n<p>Voorafgaande aan de vergadering is er gelegenheid om met elkaar te genieten van het eten en de gastvrijheid van de Horecamannen!<\/p>\n\n\n\n<h2 class=\"wp-block-heading\">Overige Activiteiten<\/h2>\n\n\n\n<p>Naast onze inspirerende en goed bezochte maandelijkse club-avonden worden er meerdere activiteiten georganiseerd gedurende het jaar o.a.:<\/p>\n\n\n\n<ul class=\"wp-block-list\">\n<li>Jaarlijkse zomeruitje in juni voor alle leden met een activiteit en diner.<\/li>\n\n\n\n<li>Enkele keren per jaar een koffieochtend op zondag bij \u00e9\u00e9n van de leden thuis<\/li>\n\n\n\n<li>Jaarlijks \u2018Diner voor 6\u2019: Een uitgebreid diner voor en door leden bereid. De bijdrage voor het diner is bestemd voor de Projectenbank.<\/li>\n\n\n\n<li>Viering Dag van de Rechten van de Mens, (op een woensdag nabij 10 december) wordt beurtelings een bijeenkomst georganiseerd door de clubs: Hattem\/ Epe SHE, NW Veluwe, Isalania en Zwolle.<\/li>\n\n\n\n<li>Iedere 5e woensdag van de maand gaan we aan de hand van een thema met elkaar in gesprek.<\/li>\n<\/ul>\n<\/div>\n\n\n\n<div class=\"wp-block-column is-layout-flow wp-block-column-is-layout-flow\" style=\"flex-basis:5%\"><\/div>\n\n\n\n<div class=\"wp-block-column is-layout-flow wp-block-column-is-layout-flow\">\n<h2 class=\"wp-block-heading\">Goede doelen<\/h2>\n\n\n\n<p>Club Zwolle ondersteunt diverse <a href=\"https:\/\/www.soroptimist.nl\/zwolle\/projecten\/\">goede doelen<\/a>, dit kunnen lokale, landelijke of internationale goede doelen zijn.<\/p>\n\n\n\n<h2 class=\"wp-block-heading\">Fundraisingsaciviteiten<\/h2>\n\n\n\n<p><\/p>\n\n\n\n<p><br>Jaarlijks \u2018Diner voor 6\u2019: Een uitgebreid diner voor en door leden bereid. De bijdrage voor het diner is bestemd voor de Projectenbank.<\/p>\n\n\n\n<p>Opbrengst jaarlijkse Kerstmarkt<\/p>\n\n\n\n<p>Opbrengst Busje van Adri<\/p>\n\n\n\n<p>2024: Sisterride<\/p>\n\n\n\n<p>2022: Herfstwandeling<\/p>\n\n\n\n<p>2021: herfstwandeling<\/p>\n\n\n\n<p>2019: wijnverkoopactie<\/p>\n\n\n\n<p>2019: high tea met Vreneli Stadelmeier: Fuck die Onzekerheid<\/p>\n\n\n\n<p><\/p>\n\n\n\n<p><\/p>\n\n\n\n<h2 class=\"wp-block-heading\">Lidmaatschap<\/h2>\n\n\n\n<p>Lid zijn van club Zwolle biedt kansen om:<\/p>\n\n\n\n<ul class=\"wp-block-list\">\n<li>Je netwerk uit te breiden<\/li>\n\n\n\n<li>Een bijdrage te leveren aan de grootste internationale organisatie van vrouwelijke professionals<\/li>\n\n\n\n<li>Nieuwe mensen te leren kennen vanuit andere beroepsgroepen en je hiermee te verbinden en vriendschappen te sluiten<\/li>\n<\/ul>\n\n\n\n<p>Heb je een vraag aan onze club of wil je meer weten over een lidmaatschap? Je bent van harte welkom bij club Zwolle. <\/p>\n\n\n\n<div class=\"prode-cta\"><a href=\"mailto:zwolle@soroptimist.nl\">Neem contact op<\/a><\/div>\n<\/div>\n<\/div>\n\n\n\n<hr class=\"wp-block-separator has-css-opacity is-style-wide\" \/>\n\n\n\n<div class=\"wp-block-columns is-layout-flex wp-container-core-columns-is-layout-9d6595d7 wp-block-columns-is-layout-flex\">\n<div class=\"wp-block-column is-layout-flow wp-block-column-is-layout-flow\">\n<h3 class=\"wp-block-heading\"><\/h3>\n<\/div>\n<\/div>\n\n\n<section id=\"posts-archive-block_38e2921dd67c16a350df803a3c1a1195\" class=\"wp-block-posts-archive\">\r\n\t<div class=\"container\">\r\n\t\t<div class=\"row\">\r\n\t\t\t<div class=\"col-12\"><h2 class=\"posts-archive-title title-color-primary\">Laatste nieuws<\/h2><\/div>\t\t\t\t<div class=\"col-12 col-sm-6 col-md-3\">\r\n\t\t\t\t\t<a class=\"item-wrapper\" href=\"https:\/\/www.soroptimist.nl\/zwolle\/news-local\/inspirada-2026-zwolle\/\">\r\n\t\t\t\t\t\t<div class=\"image-wrapper\">\r\n\t\t\t\t\t\t\t\t\t\t\t\t\t<img decoding=\"async\" src=\"https:\/\/www.soroptimist.nl\/zwolle\/wp-content\/uploads\/sites\/23\/2025\/11\/LOGO-Inspirada.jpg\" alt=\"\" \/>\r\n\t\t\t\t\t\t\t\t\t\t\t\t<div class=\"title\">\r\n\t\t\t\t\t\t\t\t<span>Inspirada 2026 Zwolle<\/span>\r\n\t\t\t\t\t\t\t\t<ul class=\"post-taxonomies product-single\"><\/ul>\t\t\t\t\t\t\t<\/div>\r\n\t\t\t\t\t\t<\/div>\r\n\t\t\t\t\t\t<div class=\"item-read-more read-more\">\r\n\t\t\t\t\t\t\tBekijken\r\n\t\t\t\t\t\t\t<div class=\"arrow\">\r\n\t\t\t\t\t\t\t\t<i class=\"fas fa-chevron-right\"><\/i>\r\n\t\t\t\t\t\t\t<\/div>\r\n\t\t\t\t\t\t<\/div>\r\n\t\t\t\t\t<\/a>\r\n\r\n\t\t\t\t\t\t\t\t\t<\/div>\r\n\t\t\t\t\t\t\t\t<div class=\"col-12 col-sm-6 col-md-3\">\r\n\t\t\t\t\t<a class=\"item-wrapper\" href=\"https:\/\/www.soroptimist.nl\/zwolle\/news-local\/portret-zwolle-2026\/\">\r\n\t\t\t\t\t\t<div class=\"image-wrapper\">\r\n\t\t\t\t\t\t\t\t\t\t\t\t\t<img decoding=\"async\" src=\"https:\/\/www.soroptimist.nl\/zwolle\/wp-content\/uploads\/sites\/23\/2026\/02\/internationale-Vrouwendag-2026.jpg\" alt=\"\" \/>\r\n\t\t\t\t\t\t\t\t\t\t\t\t<div class=\"title\">\r\n\t\t\t\t\t\t\t\t<span>Portret Zwolle 2026<\/span>\r\n\t\t\t\t\t\t\t\t<ul class=\"post-taxonomies product-single\"><\/ul>\t\t\t\t\t\t\t<\/div>\r\n\t\t\t\t\t\t<\/div>\r\n\t\t\t\t\t\t<div class=\"item-read-more read-more\">\r\n\t\t\t\t\t\t\tBekijken\r\n\t\t\t\t\t\t\t<div class=\"arrow\">\r\n\t\t\t\t\t\t\t\t<i class=\"fas fa-chevron-right\"><\/i>\r\n\t\t\t\t\t\t\t<\/div>\r\n\t\t\t\t\t\t<\/div>\r\n\t\t\t\t\t<\/a>\r\n\r\n\t\t\t\t\t\t\t\t\t<\/div>\r\n\t\t\t\t\t\t\t\t<div class=\"col-12 col-sm-6 col-md-3\">\r\n\t\t\t\t\t<a class=\"item-wrapper\" href=\"https:\/\/www.soroptimist.nl\/zwolle\/news-local\/intiem-terreur-19-februari\/\">\r\n\t\t\t\t\t\t<div class=\"image-wrapper\">\r\n\t\t\t\t\t\t\t\t\t\t\t\t\t\t\t<div class=\"info-box\">\r\n\t\t\t\t\t\t\t\t\t\t\t\t\t\t\t\t\t\t\tOrange the World\t\t\t\t\t\t\t\t\t\t\t\t\t\t\t\t\t<\/div>\r\n\t\t\t\t\t\t\t\t\t\t\t\t\t\t<img decoding=\"async\" src=\"https:\/\/www.soroptimist.nl\/zwolle\/wp-content\/uploads\/sites\/23\/2026\/01\/Intiem-Terreur-1.jpg\" alt=\"\" \/>\r\n\t\t\t\t\t\t\t\t\t\t\t\t<div class=\"title\">\r\n\t\t\t\t\t\t\t\t<span>Intiem Terreur 19 februari<\/span>\r\n\t\t\t\t\t\t\t\t<ul class=\"post-taxonomies product-single\"><\/ul>\t\t\t\t\t\t\t<\/div>\r\n\t\t\t\t\t\t<\/div>\r\n\t\t\t\t\t\t<div class=\"item-read-more read-more\">\r\n\t\t\t\t\t\t\tBekijken\r\n\t\t\t\t\t\t\t<div class=\"arrow\">\r\n\t\t\t\t\t\t\t\t<i class=\"fas fa-chevron-right\"><\/i>\r\n\t\t\t\t\t\t\t<\/div>\r\n\t\t\t\t\t\t<\/div>\r\n\t\t\t\t\t<\/a>\r\n\r\n\t\t\t\t\t\t\t\t\t<\/div>\r\n\t\t\t\t\t\t\t\t<div class=\"col-12 col-sm-6 col-md-3\">\r\n\t\t\t\t\t<a class=\"item-wrapper\" href=\"https:\/\/www.soroptimist.nl\/zwolle\/news-local\/inspirada-2026-6-juni-2026-in-zwolle\/\">\r\n\t\t\t\t\t\t<div class=\"image-wrapper\">\r\n\t\t\t\t\t\t\t\t\t\t\t\t\t<img decoding=\"async\" src=\"https:\/\/www.soroptimist.nl\/zwolle\/wp-content\/uploads\/sites\/23\/2025\/11\/LOGO-Inspirada.jpg\" alt=\"\" \/>\r\n\t\t\t\t\t\t\t\t\t\t\t\t<div class=\"title\">\r\n\t\t\t\t\t\t\t\t<span>Inspirada 6 juni 2026 in Zwolle<\/span>\r\n\t\t\t\t\t\t\t\t<ul class=\"post-taxonomies product-single\"><\/ul>\t\t\t\t\t\t\t<\/div>\r\n\t\t\t\t\t\t<\/div>\r\n\t\t\t\t\t\t<div class=\"item-read-more read-more\">\r\n\t\t\t\t\t\t\tBekijken\r\n\t\t\t\t\t\t\t<div class=\"arrow\">\r\n\t\t\t\t\t\t\t\t<i class=\"fas fa-chevron-right\"><\/i>\r\n\t\t\t\t\t\t\t<\/div>\r\n\t\t\t\t\t\t<\/div>\r\n\t\t\t\t\t<\/a>\r\n\r\n\t\t\t\t\t\t\t\t\t<\/div>\r\n\t\t\t\t\t\t<\/div>\r\n\t<\/div>\r\n<\/section>\r\n","protected":false},"excerpt":{"rendered":"<p>Internationale Missie 2011-2030 &#8211; Educate to Lead: Soroptimisten willen de levensomstandigheden en de status van vrouwen en meisjes verbeteren door&#8230; <a href=\"https:\/\/www.soroptimist.nl\/zwolle\/\" rel=\"bookmark\">lees meer<\/a><\/p>\n","protected":false},"author":2,"featured_media":436,"parent":0,"menu_order":0,"comment_status":"closed","ping_status":"closed","template":"","meta":{"_acf_changed":false,"inline_featured_image":false,"_coblocks_attr":"","_coblocks_dimensions":"","_coblocks_responsive_height":"","_coblocks_accordion_ie_support":"","footnotes":""},"class_list":["post-5","page","type-page","status-publish","has-post-thumbnail","hentry"],"acf":[],"_links":{"self":[{"href":"https:\/\/www.soroptimist.nl\/zwolle\/wp-json\/wp\/v2\/pages\/5","targetHints":{"allow":["GET"]}}],"collection":[{"href":"https:\/\/www.soroptimist.nl\/zwolle\/wp-json\/wp\/v2\/pages"}],"about":[{"href":"https:\/\/www.soroptimist.nl\/zwolle\/wp-json\/wp\/v2\/types\/page"}],"author":[{"embeddable":true,"href":"https:\/\/www.soroptimist.nl\/zwolle\/wp-json\/wp\/v2\/users\/2"}],"replies":[{"embeddable":true,"href":"https:\/\/www.soroptimist.nl\/zwolle\/wp-json\/wp\/v2\/comments?post=5"}],"version-history":[{"count":101,"href":"https:\/\/www.soroptimist.nl\/zwolle\/wp-json\/wp\/v2\/pages\/5\/revisions"}],"predecessor-version":[{"id":823,"href":"https:\/\/www.soroptimist.nl\/zwolle\/wp-json\/wp\/v2\/pages\/5\/revisions\/823"}],"wp:featuredmedia":[{"embeddable":true,"href":"https:\/\/www.soroptimist.nl\/zwolle\/wp-json\/wp\/v2\/media\/436"}],"wp:attachment":[{"href":"https:\/\/www.soroptimist.nl\/zwolle\/wp-json\/wp\/v2\/media?parent=5"}],"curies":[{"name":"wp","href":"https:\/\/api.w.org\/{rel}","templated":true}]}}